{"id":655,"date":"2025-05-15T19:11:35","date_gmt":"2025-05-15T17:11:35","guid":{"rendered":"https:\/\/spainparadise.com\/politica-de-cookies\/"},"modified":"2025-08-06T14:44:33","modified_gmt":"2025-08-06T12:44:33","slug":"politica-de-cookies","status":"publish","type":"page","link":"https:\/\/spainparadise.com\/fr\/politica-de-cookies\/","title":{"rendered":"Politique en mati\u00e8re de cookies"},"content":{"rendered":"\t\t<div data-elementor-type=\"wp-page\" data-elementor-id=\"655\" class=\"elementor elementor-655 elementor-600\" data-elementor-post-type=\"page\">\n\t\t\t\t<div class=\"elementor-element elementor-element-aa3c46a e-flex e-con-boxed e-con e-parent\" data-id=\"aa3c46a\" data-element_type=\"container\" data-e-type=\"container\">\n\t\t\t\t\t<div class=\"e-con-inner\">\n\t\t\t\t<div class=\"elementor-element elementor-element-9280d94 elementor-widget elementor-widget-text-editor\" data-id=\"9280d94\" data-element_type=\"widget\" data-e-type=\"widget\" data-widget_type=\"text-editor.default\">\n\t\t\t\t\t\t\t\t\t<h1><span style=\"color: #000000;\">Politique en mati\u00e8re de cookies<\/span><\/h1><p>Afin d\u2019acc\u00e9l\u00e9rer le service offert, en identifiant chaque utilisateur le plus rapidement possible, nous vous informons que ce site Web utilisera www.spainparadise.com cookies. Les cookies sont des informations stock\u00e9es sur le disque dur de votre ordinateur qui sont utilis\u00e9es pour acc\u00e9l\u00e9rer et optimiser le fonctionnement du serveur et du service. Tous les utilisateurs peuvent modifier ou refuser un cookie. Dans ce dernier cas, nous vous avertissons que le service peut \u00eatre moins rapide et que la qualit\u00e9 peut diminuer. En ce sens, toutes les notifications que nous pouvons faire \u00e0 l\u2019utilisateur seront consid\u00e9r\u00e9es comme valablement effectu\u00e9es, lorsqu\u2019il aura utilis\u00e9 les donn\u00e9es et moyens susmentionn\u00e9s. \u00c0 cette fin, l\u2019utilisateur d\u00e9clare que toutes les donn\u00e9es fournies sont v\u00e9ridiques, exactes, correctes et v\u00e9ridiques, s\u2019engageant \u00e0 informer de tous les changements, d\u00e9veloppements et modifications futures des donn\u00e9es de notification.     <\/p><p>Vous pouvez choisir que votre ordinateur vous avertisse chaque fois qu\u2019un cookie est envoy\u00e9 ou de d\u00e9sactiver tous les cookies. Vous pouvez le faire via les param\u00e8tres de votre navigateur. Chaque navigateur est un peu diff\u00e9rent, veuillez donc vous r\u00e9f\u00e9rer au menu Aide pour savoir comment modifier correctement les cookies.  <\/p><p>Nous utilisons des cookies tiers.<\/p><p>Si vous souhaitez r\u00e9duire ou d\u00e9sactiver l\u2019utilisation des cookies, vous pouvez le faire via votre navigateur Internet. Vous trouverez ci-dessous des liens vers des conseils sur la fa\u00e7on de le faire sur les navigateurs Internet les plus populaires. <\/p><p><strong>Internet Explorer<\/strong><\/p><p><a href=\"https:\/\/windows.microsoft.com\/en-GB\/windows7\/Block-enable-or-allow-cookies\">https:\/\/windows.microsoft.com\/en-GB\/windows7\/Bloquear-habilitar-o-permitir-cookies<\/a><\/p><p><strong>Google Chrome<\/strong><\/p><p><a href=\"https:\/\/support.google.com\/chrome\/bin\/answer.py?hl=en-GB&amp;answer=95647&amp;p=cpn_cookies\">https:\/\/support.google.com\/chrome\/bin\/answer.py?hl=en-GB&amp;answer=95647&amp;p=cpn_cookies<\/a><\/p><p><strong>Mozilla Firefox<\/strong><\/p><p><a href=\"https:\/\/support.mozilla.org\/en-US\/kb\/Blocking%20cookies\">https:\/\/support.mozilla.org\/en-US\/kb\/Blocking%20cookies<\/a><\/p><p><strong>Apple Safari<\/strong><\/p><p><a href=\"https:\/\/docs.info.apple.com\/article,html?artnum=32467\">https:\/\/docs.info.apple.com\/article,html?artnum=32467<\/a><\/p><p>Pour plus d\u2019informations sur la fa\u00e7on de proc\u00e9der sur le navigateur de votre t\u00e9l\u00e9phone mobile, vous devez vous r\u00e9f\u00e9rer au manuel de votre t\u00e9l\u00e9phone.<\/p><h2>Utilisation de plugins sociaux dans le cadre des m\u00e9dias sociaux<\/h2><h3><strong>Sur Facebook<\/strong><\/h3><p>Les sites SILC ESTATES SLL utilisent des plug-ins sociaux du r\u00e9seau social facebook.com, qui est exploit\u00e9 depuis les \u00c9tats-Unis par Facebook inc., Palo Alto, \u00c9tats-Unis, (\u00ab Facebook \u00bb). Les plug-ins sont identifi\u00e9s par le logo Facebook ou par les symboles \u00ab Facebook \u00bb, \u00ab J\u2019aime \u00bb ou \u00ab Partager \u00bb.<\/p><p>Lorsque vous acc\u00e9dez \u00e0 l\u2019un de nos sites Web qui contient de tels add-ons, ceux-ci sont initialement d\u00e9sactiv\u00e9s. Les add-ons ne sont activ\u00e9s qu\u2019en cliquant sur l\u2019ic\u00f4ne correspondante. En activant cette option, une connexion \u00e0 Facebook est cr\u00e9\u00e9e et \u00e0 ce moment-l\u00e0, vous consentez \u00e0 transf\u00e9rer les donn\u00e9es \u00e0 Facebook. Lorsque vous vous connectez \u00e0 Facebook, le r\u00e9seau social sera en mesure de g\u00e9rer votre visite sur votre compte Facebook personnel. Lorsqu\u2019ils appuient sur le bouton correspondant, les informations en question sont transf\u00e9r\u00e9es directement du navigateur \u00e0 Facebook et y sont stock\u00e9es.    <\/p><p>Veuillez vous informer sur la politique de confidentialit\u00e9 de Facebook afin de conna\u00eetre l\u2019objectif et l\u2019\u00e9tendue de la collecte des donn\u00e9es, leur traitement ult\u00e9rieur et l\u2019utilisation de ces donn\u00e9es par Facebook, ainsi que vos droits sur celles-ci et les param\u00e8tres. possibilit\u00e9s de prot\u00e9ger votre vie priv\u00e9e. <\/p><p>Si vous ne souhaitez pas que Facebook collecte des informations vous concernant par le biais de notre site Web, vous devez vous d\u00e9connecter de Facebook avant de visiter notre site Web.<\/p><h3><strong>Google +<\/strong><\/h3><p>Les sites SILC ESTATES SLL utilisent des plug-ins sociaux du r\u00e9seau social plus.Google.com, qui est exploit\u00e9 depuis les \u00c9tats-Unis par Google inc., 1600 Amphitheatre Parkway, Mountain View, CA 94043, , \u00c9tats-Unis, (\u00ab Google \u00bb). Les modules compl\u00e9mentaires sont identifi\u00e9s par le logo Google+ ou par les symboles \u00ab&nbsp;Google+&nbsp;\u00bb, \u00ab&nbsp;Google plus&nbsp;\u00bb ou \u00ab&nbsp;+1&nbsp;\u00bb.<\/p><p>Lorsque vous acc\u00e9dez \u00e0 l\u2019un de nos sites Web qui contient de tels add-ons, ceux-ci sont initialement d\u00e9sactiv\u00e9s. Les add-ons ne sont activ\u00e9s qu\u2019en cliquant sur l\u2019ic\u00f4ne correspondante. En l\u2019activant, une connexion \u00e0 Google+ est cr\u00e9\u00e9e et vous consentez \u00e0 ce moment-l\u00e0 \u00e0 transf\u00e9rer les donn\u00e9es \u00e0 Google. Lorsque vous vous connectez \u00e0 Google+, le r\u00e9seau social est en mesure de g\u00e9rer votre visite sur votre compte personnel Google+. Lorsqu\u2019ils appuient sur le bouton correspondant, les informations en question sont transf\u00e9r\u00e9es directement du navigateur \u00e0 Google et y sont stock\u00e9es.    <\/p><p>Veuillez vous informer sur la politique de confidentialit\u00e9 de Google afin de comprendre l\u2019objectif et l\u2019\u00e9tendue de la collecte de donn\u00e9es, leur traitement ult\u00e9rieur et l\u2019utilisation de ces donn\u00e9es par Google, ainsi que vos droits sur celles-ci et vos param\u00e8tres. possibilit\u00e9s de prot\u00e9ger votre vie priv\u00e9e. <\/p><p>Si vous ne souhaitez pas que Google collecte des informations vous concernant par le biais de notre site Web, vous devez vous d\u00e9connecter de Google+ avant de visiter notre site Web.<\/p><h3><strong>Youtube<\/strong><\/h3><p>Les sites de SILC ESTATES SL utilisent la plate-forme vid\u00e9o YouTube, qui est g\u00e9r\u00e9e depuis les \u00c9tats-Unis par YouTube LLC, 901 Cherry Ave. San Bruno CA 94066 , \u00c9tats-Unis. YouTube est une plateforme qui permet la lecture de fichiers audio et vid\u00e9o.  <\/p><p>Lorsque vous acc\u00e9dez \u00e0 l\u2019un de nos sites Web, le lecteur associ\u00e9 \u00e0 YouTube sur ce site Web \u00e9tablit une connexion \u00e0 YouTube pour assurer la transmission de fichiers vid\u00e9o et audio. La connexion \u00e0 YouTube signifie que les donn\u00e9es sont envoy\u00e9es \u00e0 YouTube. <\/p><p>Veuillez vous informer sur la politique de confidentialit\u00e9 de YouTube afin de comprendre l\u2019objectif et l\u2019\u00e9tendue de la collecte de donn\u00e9es, leur traitement ult\u00e9rieur et l\u2019utilisation de ces donn\u00e9es par YouTube, ainsi que vos droits sur celles-ci et les param\u00e8tres. possibilit\u00e9s de prot\u00e9ger votre vie priv\u00e9e. <\/p><h3><strong>Gazouiller<\/strong><\/h3><p>Les sites SILC ESTATES SL utilisent des plug-ins sociaux du r\u00e9seau social Twitter, qui est exploit\u00e9 depuis les \u00c9tats-Unis par Twitter inc., 1355 Market Street, Suite 900, San Francisco, CA 94103, \u00c9tats-Unis, (\u00ab Twitter \u00bb). Les plug-ins sont identifi\u00e9s par le logo Twitter ou le symbole \u00ab Tweet \u00bb.<\/p><p>Lorsque vous acc\u00e9dez \u00e0 l\u2019un de nos sites Web qui contient de tels add-ons, ceux-ci sont initialement d\u00e9sactiv\u00e9s. Les add-ons ne sont activ\u00e9s qu\u2019en cliquant sur l\u2019ic\u00f4ne correspondante. En l\u2019activant, une connexion \u00e0 Twitter est cr\u00e9\u00e9e et \u00e0 ce moment-l\u00e0, vous consentez \u00e0 transf\u00e9rer les donn\u00e9es \u00e0 Twitter. Lorsque vous vous connectez \u00e0 Tweeter, le r\u00e9seau social pourra g\u00e9rer la visite de votre compte personnel dans Tweeter. Lorsqu\u2019ils appuient sur le bouton correspondant, les informations en question sont transf\u00e9r\u00e9es directement du navigateur \u00e0 Tweeter et y sont stock\u00e9es.    <\/p><p>Veuillez vous informer sur la politique de confidentialit\u00e9 de Tweeter afin de comprendre l\u2019objectif et l\u2019\u00e9tendue de la collecte de donn\u00e9es, leur traitement ult\u00e9rieur et l\u2019utilisation de ces donn\u00e9es par Tweeter, ainsi que vos droits sur celles-ci et les param\u00e8tres. possibilit\u00e9s de prot\u00e9ger votre vie priv\u00e9e. <\/p><h3><strong>Lien LinkedIn<\/strong><\/h3><p>Les sites web de SILC ESTATES SL utilisent des plug-ins sociaux du r\u00e9seau social Linkedin, qui est exploit\u00e9 depuis les \u00c9tats-Unis par Linkedin, bas\u00e9 \u00e0 Mountain View, aux \u00c9tats-Unis, (\u00ab Linkedin \u00bb). Les plugins sont identifi\u00e9s par le logo Linkedin. <\/p><p>Lorsque vous acc\u00e9dez \u00e0 l\u2019un de nos sites Web qui contient de tels add-ons, ceux-ci sont initialement d\u00e9sactiv\u00e9s. Les add-ons ne sont activ\u00e9s qu\u2019en cliquant sur l\u2019ic\u00f4ne correspondante. En l\u2019activant, une connexion \u00e0 Linkedin est cr\u00e9\u00e9e et \u00e0 ce moment-l\u00e0, vous consentez \u00e0 transf\u00e9rer des donn\u00e9es \u00e0 Linkedin. Lorsque vous vous connectez \u00e0 Linkedin, ce r\u00e9seau social sera en mesure de g\u00e9rer la visite de votre compte personnel sur Linkedin. Lorsqu\u2019ils appuient sur le bouton correspondant, les informations en question sont transf\u00e9r\u00e9es directement du navigateur \u00e0 Linkedin et y sont stock\u00e9es.    <\/p><p>Veuillez vous informer sur la politique de confidentialit\u00e9 de Linkedin afin de conna\u00eetre l\u2019objectif et l\u2019\u00e9tendue de la collecte des donn\u00e9es, leur traitement ult\u00e9rieur et l\u2019utilisation de ces donn\u00e9es par Linkedin, ainsi que vos droits sur celles-ci et la configuration. possibilit\u00e9s de prot\u00e9ger votre vie priv\u00e9e. <\/p>\t\t\t\t\t\t\t\t<\/div>\n\t\t\t\t\t<\/div>\n\t\t\t\t<\/div>\n\t\t\t\t<\/div>\n\t\t","protected":false},"excerpt":{"rendered":"<p>Politique en mati\u00e8re de cookies Afin d\u2019acc\u00e9l\u00e9rer le service offert, en identifiant chaque utilisateur le plus rapidement possible, nous vous informons que ce site Web utilisera www.spainparadise.com cookies. Les cookies sont des informations stock\u00e9es sur le disque dur de votre ordinateur qui sont utilis\u00e9es pour acc\u00e9l\u00e9rer et optimiser le fonctionnement du serveur et du service. [&hellip;]<\/p>\n","protected":false},"author":1,"featured_media":0,"parent":0,"menu_order":0,"comment_status":"closed","ping_status":"closed","template":"","meta":{"_acf_changed":false,"_joinchat":[],"footnotes":""},"class_list":["post-655","page","type-page","status-publish","hentry"],"acf":[],"yoast_head":"<!-- This site is optimized with the Yoast SEO plugin v26.9 - https:\/\/yoast.com\/product\/yoast-seo-wordpress\/ -->\n<title>Politique en mati\u00e8re de cookies | Spain Paradise - Reasons to Buy a House and Live in Spain<\/title>\n<meta name=\"robots\" content=\"index, follow, max-snippet:-1, max-image-preview:large, max-video-preview:-1\" \/>\n<link rel=\"canonical\" href=\"https:\/\/spainparadise.com\/fr\/politica-de-cookies\/\" \/>\n<meta property=\"og:locale\" content=\"fr_FR\" \/>\n<meta property=\"og:type\" content=\"article\" \/>\n<meta property=\"og:title\" content=\"Politique en mati\u00e8re de cookies | Spain Paradise - Reasons to Buy a House and Live in Spain\" \/>\n<meta property=\"og:description\" content=\"Politique en mati\u00e8re de cookies Afin d\u2019acc\u00e9l\u00e9rer le service offert, en identifiant chaque utilisateur le plus rapidement possible, nous vous informons que ce site Web utilisera www.spainparadise.com cookies. Les cookies sont des informations stock\u00e9es sur le disque dur de votre ordinateur qui sont utilis\u00e9es pour acc\u00e9l\u00e9rer et optimiser le fonctionnement du serveur et du service. [&hellip;]\" \/>\n<meta property=\"og:url\" content=\"https:\/\/spainparadise.com\/fr\/politica-de-cookies\/\" \/>\n<meta property=\"og:site_name\" content=\"Spain Paradise - Reasons to Buy a House and Live in Spain\" \/>\n<meta property=\"article:modified_time\" content=\"2025-08-06T12:44:33+00:00\" \/>\n<meta property=\"og:image\" content=\"https:\/\/spainparadise.com\/wp-content\/uploads\/2025\/04\/Logo_PNG_Sombra.png\" \/>\n\t<meta property=\"og:image:width\" content=\"784\" \/>\n\t<meta property=\"og:image:height\" content=\"324\" \/>\n\t<meta property=\"og:image:type\" content=\"image\/png\" \/>\n<meta name=\"twitter:card\" content=\"summary_large_image\" \/>\n<meta name=\"twitter:label1\" content=\"Dur\u00e9e de lecture estim\u00e9e\" \/>\n\t<meta name=\"twitter:data1\" content=\"6 minutes\" \/>\n<script type=\"application\/ld+json\" class=\"yoast-schema-graph\">{\"@context\":\"https:\/\/schema.org\",\"@graph\":[{\"@type\":\"WebPage\",\"@id\":\"https:\/\/spainparadise.com\/fr\/politica-de-cookies\/\",\"url\":\"https:\/\/spainparadise.com\/fr\/politica-de-cookies\/\",\"name\":\"Politique en mati\u00e8re de cookies | Spain Paradise - Reasons to Buy a House and Live in Spain\",\"isPartOf\":{\"@id\":\"https:\/\/spainparadise.com\/fr\/#website\"},\"datePublished\":\"2025-05-15T17:11:35+00:00\",\"dateModified\":\"2025-08-06T12:44:33+00:00\",\"breadcrumb\":{\"@id\":\"https:\/\/spainparadise.com\/fr\/politica-de-cookies\/#breadcrumb\"},\"inLanguage\":\"fr-FR\",\"potentialAction\":[{\"@type\":\"ReadAction\",\"target\":[\"https:\/\/spainparadise.com\/fr\/politica-de-cookies\/\"]}]},{\"@type\":\"BreadcrumbList\",\"@id\":\"https:\/\/spainparadise.com\/fr\/politica-de-cookies\/#breadcrumb\",\"itemListElement\":[{\"@type\":\"ListItem\",\"position\":1,\"name\":\"Portada\",\"item\":\"https:\/\/spainparadise.com\/fr\/inicio\/\"},{\"@type\":\"ListItem\",\"position\":2,\"name\":\"Politique en mati\u00e8re de cookies\"}]},{\"@type\":\"WebSite\",\"@id\":\"https:\/\/spainparadise.com\/fr\/#website\",\"url\":\"https:\/\/spainparadise.com\/fr\/\",\"name\":\"Spain Paradise - Reasons to Buy a House and Live in Spain\",\"description\":\"Reasons to Buy a House and Live in Spain\",\"publisher\":{\"@id\":\"https:\/\/spainparadise.com\/fr\/#organization\"},\"alternateName\":\"Spain Paradise - Reasons to Buy a House and Live in Spain\",\"potentialAction\":[{\"@type\":\"SearchAction\",\"target\":{\"@type\":\"EntryPoint\",\"urlTemplate\":\"https:\/\/spainparadise.com\/fr\/?s={search_term_string}\"},\"query-input\":{\"@type\":\"PropertyValueSpecification\",\"valueRequired\":true,\"valueName\":\"search_term_string\"}}],\"inLanguage\":\"fr-FR\"},{\"@type\":\"Organization\",\"@id\":\"https:\/\/spainparadise.com\/fr\/#organization\",\"name\":\"Spain Paradise - Reasons to Buy a House and Live in Spain\",\"url\":\"https:\/\/spainparadise.com\/fr\/\",\"logo\":{\"@type\":\"ImageObject\",\"inLanguage\":\"fr-FR\",\"@id\":\"https:\/\/spainparadise.com\/fr\/#\/schema\/logo\/image\/\",\"url\":\"https:\/\/spainparadise.com\/wp-content\/uploads\/2025\/04\/cropped-Logo_PNG_Sombra.png\",\"contentUrl\":\"https:\/\/spainparadise.com\/wp-content\/uploads\/2025\/04\/cropped-Logo_PNG_Sombra.png\",\"width\":512,\"height\":512,\"caption\":\"Spain Paradise - Reasons to Buy a House and Live in Spain\"},\"image\":{\"@id\":\"https:\/\/spainparadise.com\/fr\/#\/schema\/logo\/image\/\"}}]}<\/script>\n<!-- \/ Yoast SEO plugin. -->","yoast_head_json":{"title":"Politique en mati\u00e8re de cookies | Spain Paradise - Reasons to Buy a House and Live in Spain","robots":{"index":"index","follow":"follow","max-snippet":"max-snippet:-1","max-image-preview":"max-image-preview:large","max-video-preview":"max-video-preview:-1"},"canonical":"https:\/\/spainparadise.com\/fr\/politica-de-cookies\/","og_locale":"fr_FR","og_type":"article","og_title":"Politique en mati\u00e8re de cookies | Spain Paradise - Reasons to Buy a House and Live in Spain","og_description":"Politique en mati\u00e8re de cookies Afin d\u2019acc\u00e9l\u00e9rer le service offert, en identifiant chaque utilisateur le plus rapidement possible, nous vous informons que ce site Web utilisera www.spainparadise.com cookies. Les cookies sont des informations stock\u00e9es sur le disque dur de votre ordinateur qui sont utilis\u00e9es pour acc\u00e9l\u00e9rer et optimiser le fonctionnement du serveur et du service. [&hellip;]","og_url":"https:\/\/spainparadise.com\/fr\/politica-de-cookies\/","og_site_name":"Spain Paradise - Reasons to Buy a House and Live in Spain","article_modified_time":"2025-08-06T12:44:33+00:00","og_image":[{"width":784,"height":324,"url":"https:\/\/spainparadise.com\/wp-content\/uploads\/2025\/04\/Logo_PNG_Sombra.png","type":"image\/png"}],"twitter_card":"summary_large_image","twitter_misc":{"Dur\u00e9e de lecture estim\u00e9e":"6 minutes"},"schema":{"@context":"https:\/\/schema.org","@graph":[{"@type":"WebPage","@id":"https:\/\/spainparadise.com\/fr\/politica-de-cookies\/","url":"https:\/\/spainparadise.com\/fr\/politica-de-cookies\/","name":"Politique en mati\u00e8re de cookies | Spain Paradise - Reasons to Buy a House and Live in Spain","isPartOf":{"@id":"https:\/\/spainparadise.com\/fr\/#website"},"datePublished":"2025-05-15T17:11:35+00:00","dateModified":"2025-08-06T12:44:33+00:00","breadcrumb":{"@id":"https:\/\/spainparadise.com\/fr\/politica-de-cookies\/#breadcrumb"},"inLanguage":"fr-FR","potentialAction":[{"@type":"ReadAction","target":["https:\/\/spainparadise.com\/fr\/politica-de-cookies\/"]}]},{"@type":"BreadcrumbList","@id":"https:\/\/spainparadise.com\/fr\/politica-de-cookies\/#breadcrumb","itemListElement":[{"@type":"ListItem","position":1,"name":"Portada","item":"https:\/\/spainparadise.com\/fr\/inicio\/"},{"@type":"ListItem","position":2,"name":"Politique en mati\u00e8re de cookies"}]},{"@type":"WebSite","@id":"https:\/\/spainparadise.com\/fr\/#website","url":"https:\/\/spainparadise.com\/fr\/","name":"Spain Paradise - Reasons to Buy a House and Live in Spain","description":"Reasons to Buy a House and Live in Spain","publisher":{"@id":"https:\/\/spainparadise.com\/fr\/#organization"},"alternateName":"Spain Paradise - Reasons to Buy a House and Live in Spain","potentialAction":[{"@type":"SearchAction","target":{"@type":"EntryPoint","urlTemplate":"https:\/\/spainparadise.com\/fr\/?s={search_term_string}"},"query-input":{"@type":"PropertyValueSpecification","valueRequired":true,"valueName":"search_term_string"}}],"inLanguage":"fr-FR"},{"@type":"Organization","@id":"https:\/\/spainparadise.com\/fr\/#organization","name":"Spain Paradise - Reasons to Buy a House and Live in Spain","url":"https:\/\/spainparadise.com\/fr\/","logo":{"@type":"ImageObject","inLanguage":"fr-FR","@id":"https:\/\/spainparadise.com\/fr\/#\/schema\/logo\/image\/","url":"https:\/\/spainparadise.com\/wp-content\/uploads\/2025\/04\/cropped-Logo_PNG_Sombra.png","contentUrl":"https:\/\/spainparadise.com\/wp-content\/uploads\/2025\/04\/cropped-Logo_PNG_Sombra.png","width":512,"height":512,"caption":"Spain Paradise - Reasons to Buy a House and Live in Spain"},"image":{"@id":"https:\/\/spainparadise.com\/fr\/#\/schema\/logo\/image\/"}}]}},"_links":{"self":[{"href":"https:\/\/spainparadise.com\/fr\/wp-json\/wp\/v2\/pages\/655","targetHints":{"allow":["GET"]}}],"collection":[{"href":"https:\/\/spainparadise.com\/fr\/wp-json\/wp\/v2\/pages"}],"about":[{"href":"https:\/\/spainparadise.com\/fr\/wp-json\/wp\/v2\/types\/page"}],"author":[{"embeddable":true,"href":"https:\/\/spainparadise.com\/fr\/wp-json\/wp\/v2\/users\/1"}],"replies":[{"embeddable":true,"href":"https:\/\/spainparadise.com\/fr\/wp-json\/wp\/v2\/comments?post=655"}],"version-history":[{"count":2,"href":"https:\/\/spainparadise.com\/fr\/wp-json\/wp\/v2\/pages\/655\/revisions"}],"predecessor-version":[{"id":2119,"href":"https:\/\/spainparadise.com\/fr\/wp-json\/wp\/v2\/pages\/655\/revisions\/2119"}],"wp:attachment":[{"href":"https:\/\/spainparadise.com\/fr\/wp-json\/wp\/v2\/media?parent=655"}],"curies":[{"name":"wp","href":"https:\/\/api.w.org\/{rel}","templated":true}]}}