{"id":679,"date":"2025-05-05T21:18:57","date_gmt":"2025-05-05T19:18:57","guid":{"rendered":"https:\/\/spainparadise.com\/contacto\/"},"modified":"2025-08-01T14:47:24","modified_gmt":"2025-08-01T12:47:24","slug":"contacto","status":"publish","type":"page","link":"https:\/\/spainparadise.com\/fr\/contacto\/","title":{"rendered":"Contact"},"content":{"rendered":"\t\t<div data-elementor-type=\"wp-page\" data-elementor-id=\"679\" class=\"elementor elementor-679 elementor-26\" data-elementor-post-type=\"page\">\n\t\t\t\t<div class=\"elementor-element elementor-element-0f4c2c6 e-flex e-con-boxed e-con e-parent\" data-id=\"0f4c2c6\" data-element_type=\"container\" data-e-type=\"container\" data-settings=\"{&quot;background_background&quot;:&quot;classic&quot;}\">\n\t\t\t\t\t<div class=\"e-con-inner\">\n\t\t\t\t<div class=\"elementor-element elementor-element-fe1004d elementor-widget elementor-widget-heading\" data-id=\"fe1004d\" data-element_type=\"widget\" data-e-type=\"widget\" data-widget_type=\"heading.default\">\n\t\t\t\t\t<h1 class=\"elementor-heading-title elementor-size-default\">CONTACT<\/h1>\t\t\t\t<\/div>\n\t\t\t\t<div class=\"elementor-element elementor-element-a7ddfaa elementor-widget elementor-widget-heading\" data-id=\"a7ddfaa\" data-element_type=\"widget\" data-e-type=\"widget\" data-widget_type=\"heading.default\">\n\t\t\t\t\t<span class=\"elementor-heading-title elementor-size-default\">VIVE ESPAGNE, VIVRE LE PARADIS<\/span>\t\t\t\t<\/div>\n\t\t\t\t\t<\/div>\n\t\t\t\t<\/div>\n\t\t<div class=\"elementor-element elementor-element-5a7a3d4 e-flex e-con-boxed e-con e-parent\" data-id=\"5a7a3d4\" data-element_type=\"container\" data-e-type=\"container\">\n\t\t\t\t\t<div class=\"e-con-inner\">\n\t\t\t\t<div class=\"elementor-element elementor-element-06d083d elementor-widget elementor-widget-heading\" data-id=\"06d083d\" data-element_type=\"widget\" data-e-type=\"widget\" data-widget_type=\"heading.default\">\n\t\t\t\t\t<h2 class=\"elementor-heading-title elementor-size-default\">CONTACT<\/h2>\t\t\t\t<\/div>\n\t\t<div class=\"elementor-element elementor-element-5c71f63 e-grid e-con-full e-con e-child\" data-id=\"5c71f63\" data-element_type=\"container\" data-e-type=\"container\">\n\t\t\t\t<div class=\"elementor-element elementor-element-9f3c4f5 elementor-widget elementor-widget-text-editor\" data-id=\"9f3c4f5\" data-element_type=\"widget\" data-e-type=\"widget\" data-widget_type=\"text-editor.default\">\n\t\t\t\t\t\t\t\t\t<h3>COORDONN\u00c9ES<\/h3><p><strong>Messagerie \u00e9lectronique:<\/strong><br>info@spainparadise.es<\/p><p><strong>Adresse:<\/strong><br>SILC ESTATES S.L.<br>Club House \u2013 Golf Resort \u00ab\u00a0Font Del Llop\u00a0\u00bb,<br>Alicante \u2013 Aspe CV 847, KM 3,8 &#8211; 03670 Monforte del<br>Cid, Alicante <\/p><p><strong>T\u00e9l\u00e9phone:<\/strong><br>Espagne : +34 965 528 748 \/ +34 865 45 00 37<br>Belgique : +32 48 0204688<br>Pays-Bas : + 31 97 010267800<br>Pologne : + 48 73 2082212<br>Suisse : + 41 44 4990221<br>\u00c9tats-Unis : +1 251 3732693<br>Allemagne : + 49 421 39974950<\/p>\t\t\t\t\t\t\t\t<\/div>\n\t\t\t\t<div class=\"elementor-element elementor-element-682cc07 elementor-button-align-stretch elementor-widget elementor-widget-form\" data-id=\"682cc07\" data-element_type=\"widget\" data-e-type=\"widget\" data-settings=\"{&quot;step_next_label&quot;:&quot;Suivant&quot;,&quot;step_previous_label&quot;:&quot;Pr\\u00e9c\\u00e9dent&quot;,&quot;button_width&quot;:&quot;100&quot;,&quot;step_type&quot;:&quot;number_text&quot;,&quot;step_icon_shape&quot;:&quot;circle&quot;}\" data-widget_type=\"form.default\">\n\t\t\t\t\t\t\t<form class=\"elementor-form\" method=\"post\" name=\"Formulaire de contact\" aria-label=\"Formulaire de contact\">\n\t\t\t<input type=\"hidden\" name=\"post_id\" value=\"679\"\/>\n\t\t\t<input type=\"hidden\" name=\"form_id\" value=\"682cc07\"\/>\n\t\t\t<input type=\"hidden\" name=\"referer_title\" value=\"Contact | Spain Paradise - Reasons to Buy a House and Live in Spain\" \/>\n\n\t\t\t\t\t\t\t<input type=\"hidden\" name=\"queried_id\" value=\"679\"\/>\n\t\t\t\n\t\t\t<div class=\"elementor-form-fields-wrapper elementor-labels-above\">\n\t\t\t\t\t\t\t\t<div class=\"elementor-field-type-text elementor-field-group elementor-column elementor-field-group-name elementor-col-100 elementor-field-required elementor-mark-required\">\n\t\t\t\t\t\t\t\t\t\t\t\t<label for=\"form-field-name\" class=\"elementor-field-label\">\n\t\t\t\t\t\t\t\tNom\t\t\t\t\t\t\t<\/label>\n\t\t\t\t\t\t\t\t\t\t\t\t\t\t<input size=\"1\" type=\"text\" name=\"form_fields[name]\" id=\"form-field-name\" class=\"elementor-field elementor-size-sm  elementor-field-textual\" placeholder=\"Nom\" required=\"required\">\n\t\t\t\t\t\t\t\t\t\t\t<\/div>\n\t\t\t\t\t\t\t\t<div class=\"elementor-field-type-email elementor-field-group elementor-column elementor-field-group-email elementor-col-100 elementor-field-required elementor-mark-required\">\n\t\t\t\t\t\t\t\t\t\t\t\t<label for=\"form-field-email\" class=\"elementor-field-label\">\n\t\t\t\t\t\t\t\tMessagerie \u00e9lectronique\t\t\t\t\t\t\t<\/label>\n\t\t\t\t\t\t\t\t\t\t\t\t\t\t<input size=\"1\" type=\"email\" name=\"form_fields[email]\" id=\"form-field-email\" class=\"elementor-field elementor-size-sm  elementor-field-textual\" placeholder=\"Messagerie \u00e9lectronique\" required=\"required\">\n\t\t\t\t\t\t\t\t\t\t\t<\/div>\n\t\t\t\t\t\t\t\t<div class=\"elementor-field-type-tel elementor-field-group elementor-column elementor-field-group-field_20683b8 elementor-col-100 elementor-field-required elementor-mark-required\">\n\t\t\t\t\t\t\t\t\t\t\t\t<label for=\"form-field-field_20683b8\" class=\"elementor-field-label\">\n\t\t\t\t\t\t\t\tT\u00e9l\u00e9phone\t\t\t\t\t\t\t<\/label>\n\t\t\t\t\t\t\t\t<input size=\"1\" type=\"tel\" name=\"form_fields[field_20683b8]\" id=\"form-field-field_20683b8\" class=\"elementor-field elementor-size-sm  elementor-field-textual\" placeholder=\"T\u00e9l\u00e9phone\" required=\"required\" pattern=\"[0-9()#&amp;+*-=.]+\" title=\"Seuls les caract\u00e8res de num\u00e9ros de t\u00e9l\u00e9phone (#, -, *, etc.) sont accept\u00e9s.\">\n\n\t\t\t\t\t\t<\/div>\n\t\t\t\t\t\t\t\t<div class=\"elementor-field-type-textarea elementor-field-group elementor-column elementor-field-group-message elementor-col-100 elementor-field-required elementor-mark-required\">\n\t\t\t\t\t\t\t\t\t\t\t\t<label for=\"form-field-message\" class=\"elementor-field-label\">\n\t\t\t\t\t\t\t\tMessage\t\t\t\t\t\t\t<\/label>\n\t\t\t\t\t\t<textarea class=\"elementor-field-textual elementor-field  elementor-size-sm\" name=\"form_fields[message]\" id=\"form-field-message\" rows=\"5\" placeholder=\"Message\" required=\"required\"><\/textarea>\t\t\t\t<\/div>\n\t\t\t\t\t\t\t\t<div class=\"elementor-field-type-text\">\n\t\t\t\t\t<input size=\"1\" type=\"text\" name=\"form_fields[field_f2181ad]\" id=\"form-field-field_f2181ad\" class=\"elementor-field elementor-size-sm \" style=\"display:none !important;\">\t\t\t\t<\/div>\n\t\t\t\t\t\t\t\t<div class=\"elementor-field-type-checkbox elementor-field-group elementor-column elementor-field-group-field_ef14367 elementor-col-100\">\n\t\t\t\t\t\t\t\t\t\t\t\t<label for=\"form-field-field_ef14367\" class=\"elementor-field-label\">\n\t\t\t\t\t\t\t\tPolitique de confidentialit\u00e9\t\t\t\t\t\t\t<\/label>\n\t\t\t\t\t\t<div class=\"elementor-field-subgroup  \"><span class=\"elementor-field-option\"><input type=\"checkbox\" value=\"J\u2019ai lu et j\u2019accepte la politique de confidentialit\u00e9.\" id=\"form-field-field_ef14367-0\" name=\"form_fields[field_ef14367]\"> <label for=\"form-field-field_ef14367-0\">J\u2019ai lu et j\u2019accepte la politique de confidentialit\u00e9.<\/label><\/span><\/div>\t\t\t\t<\/div>\n\t\t\t\t\t\t\t\t<div class=\"elementor-field-group elementor-column elementor-field-type-submit elementor-col-100 e-form__buttons\">\n\t\t\t\t\t<button class=\"elementor-button elementor-size-sm\" type=\"submit\">\n\t\t\t\t\t\t<span class=\"elementor-button-content-wrapper\">\n\t\t\t\t\t\t\t\t\t\t\t\t\t\t\t\t\t\t\t\t\t\t<span class=\"elementor-button-text\">Envoyer<\/span>\n\t\t\t\t\t\t\t\t\t\t\t\t\t<\/span>\n\t\t\t\t\t<\/button>\n\t\t\t\t<\/div>\n\t\t\t<\/div>\n\t\t<\/form>\n\t\t\t\t\t\t<\/div>\n\t\t\t\t<\/div>\n\t\t\t\t\t<\/div>\n\t\t\t\t<\/div>\n\t\t\t\t<\/div>\n\t\t","protected":false},"excerpt":{"rendered":"<p>CONTACT VIVE ESPAGNE, VIVRE LE PARADIS CONTACT COORDONN\u00c9ES Messagerie \u00e9lectronique:info@spainparadise.es Adresse:SILC ESTATES S.L.Club House \u2013 Golf Resort \u00ab\u00a0Font Del Llop\u00a0\u00bb,Alicante \u2013 Aspe CV 847, KM 3,8 &#8211; 03670 Monforte delCid, Alicante T\u00e9l\u00e9phone:Espagne : +34 965 528 748 \/ +34 865 45 00 37Belgique : +32 48 0204688Pays-Bas : + 31 97 010267800Pologne : + 48 [&hellip;]<\/p>\n","protected":false},"author":1,"featured_media":0,"parent":0,"menu_order":0,"comment_status":"closed","ping_status":"closed","template":"","meta":{"_acf_changed":false,"_joinchat":[],"footnotes":""},"class_list":["post-679","page","type-page","status-publish","hentry"],"acf":[],"yoast_head":"<!-- This site is optimized with the Yoast SEO plugin v26.9 - https:\/\/yoast.com\/product\/yoast-seo-wordpress\/ -->\n<title>Contact | Spain Paradise - Reasons to Buy a House and Live in Spain<\/title>\n<meta name=\"robots\" content=\"index, follow, max-snippet:-1, max-image-preview:large, max-video-preview:-1\" \/>\n<link rel=\"canonical\" href=\"https:\/\/spainparadise.com\/fr\/contacto\/\" \/>\n<meta property=\"og:locale\" content=\"fr_FR\" \/>\n<meta property=\"og:type\" content=\"article\" \/>\n<meta property=\"og:title\" content=\"Contact | Spain Paradise - Reasons to Buy a House and Live in Spain\" \/>\n<meta property=\"og:description\" content=\"CONTACT VIVE ESPAGNE, VIVRE LE PARADIS CONTACT COORDONN\u00c9ES Messagerie \u00e9lectronique:info@spainparadise.es Adresse:SILC ESTATES S.L.Club House \u2013 Golf Resort \u00ab\u00a0Font Del Llop\u00a0\u00bb,Alicante \u2013 Aspe CV 847, KM 3,8 &#8211; 03670 Monforte delCid, Alicante T\u00e9l\u00e9phone:Espagne : +34 965 528 748 \/ +34 865 45 00 37Belgique : +32 48 0204688Pays-Bas : + 31 97 010267800Pologne : + 48 [&hellip;]\" \/>\n<meta property=\"og:url\" content=\"https:\/\/spainparadise.com\/fr\/contacto\/\" \/>\n<meta property=\"og:site_name\" content=\"Spain Paradise - Reasons to Buy a House and Live in Spain\" \/>\n<meta property=\"article:modified_time\" content=\"2025-08-01T12:47:24+00:00\" \/>\n<meta property=\"og:image\" content=\"https:\/\/spainparadise.com\/wp-content\/uploads\/2025\/04\/Logo_PNG_Sombra.png\" \/>\n\t<meta property=\"og:image:width\" content=\"784\" \/>\n\t<meta property=\"og:image:height\" content=\"324\" \/>\n\t<meta property=\"og:image:type\" content=\"image\/png\" \/>\n<meta name=\"twitter:card\" content=\"summary_large_image\" \/>\n<meta name=\"twitter:label1\" content=\"Dur\u00e9e de lecture estim\u00e9e\" \/>\n\t<meta name=\"twitter:data1\" content=\"1 minute\" \/>\n<script type=\"application\/ld+json\" class=\"yoast-schema-graph\">{\"@context\":\"https:\/\/schema.org\",\"@graph\":[{\"@type\":\"WebPage\",\"@id\":\"https:\/\/spainparadise.com\/fr\/contacto\/\",\"url\":\"https:\/\/spainparadise.com\/fr\/contacto\/\",\"name\":\"Contact | Spain Paradise - Reasons to Buy a House and Live in Spain\",\"isPartOf\":{\"@id\":\"https:\/\/spainparadise.com\/fr\/#website\"},\"datePublished\":\"2025-05-05T19:18:57+00:00\",\"dateModified\":\"2025-08-01T12:47:24+00:00\",\"breadcrumb\":{\"@id\":\"https:\/\/spainparadise.com\/fr\/contacto\/#breadcrumb\"},\"inLanguage\":\"fr-FR\",\"potentialAction\":[{\"@type\":\"ReadAction\",\"target\":[\"https:\/\/spainparadise.com\/fr\/contacto\/\"]}]},{\"@type\":\"BreadcrumbList\",\"@id\":\"https:\/\/spainparadise.com\/fr\/contacto\/#breadcrumb\",\"itemListElement\":[{\"@type\":\"ListItem\",\"position\":1,\"name\":\"Portada\",\"item\":\"https:\/\/spainparadise.com\/fr\/inicio\/\"},{\"@type\":\"ListItem\",\"position\":2,\"name\":\"Contact\"}]},{\"@type\":\"WebSite\",\"@id\":\"https:\/\/spainparadise.com\/fr\/#website\",\"url\":\"https:\/\/spainparadise.com\/fr\/\",\"name\":\"Spain Paradise - Reasons to Buy a House and Live in Spain\",\"description\":\"Reasons to Buy a House and Live in Spain\",\"publisher\":{\"@id\":\"https:\/\/spainparadise.com\/fr\/#organization\"},\"alternateName\":\"Spain Paradise - Reasons to Buy a House and Live in Spain\",\"potentialAction\":[{\"@type\":\"SearchAction\",\"target\":{\"@type\":\"EntryPoint\",\"urlTemplate\":\"https:\/\/spainparadise.com\/fr\/?s={search_term_string}\"},\"query-input\":{\"@type\":\"PropertyValueSpecification\",\"valueRequired\":true,\"valueName\":\"search_term_string\"}}],\"inLanguage\":\"fr-FR\"},{\"@type\":\"Organization\",\"@id\":\"https:\/\/spainparadise.com\/fr\/#organization\",\"name\":\"Spain Paradise - Reasons to Buy a House and Live in Spain\",\"url\":\"https:\/\/spainparadise.com\/fr\/\",\"logo\":{\"@type\":\"ImageObject\",\"inLanguage\":\"fr-FR\",\"@id\":\"https:\/\/spainparadise.com\/fr\/#\/schema\/logo\/image\/\",\"url\":\"https:\/\/spainparadise.com\/wp-content\/uploads\/2025\/04\/cropped-Logo_PNG_Sombra.png\",\"contentUrl\":\"https:\/\/spainparadise.com\/wp-content\/uploads\/2025\/04\/cropped-Logo_PNG_Sombra.png\",\"width\":512,\"height\":512,\"caption\":\"Spain Paradise - Reasons to Buy a House and Live in Spain\"},\"image\":{\"@id\":\"https:\/\/spainparadise.com\/fr\/#\/schema\/logo\/image\/\"}}]}<\/script>\n<!-- \/ Yoast SEO plugin. -->","yoast_head_json":{"title":"Contact | Spain Paradise - Reasons to Buy a House and Live in Spain","robots":{"index":"index","follow":"follow","max-snippet":"max-snippet:-1","max-image-preview":"max-image-preview:large","max-video-preview":"max-video-preview:-1"},"canonical":"https:\/\/spainparadise.com\/fr\/contacto\/","og_locale":"fr_FR","og_type":"article","og_title":"Contact | Spain Paradise - Reasons to Buy a House and Live in Spain","og_description":"CONTACT VIVE ESPAGNE, VIVRE LE PARADIS CONTACT COORDONN\u00c9ES Messagerie \u00e9lectronique:info@spainparadise.es Adresse:SILC ESTATES S.L.Club House \u2013 Golf Resort \u00ab\u00a0Font Del Llop\u00a0\u00bb,Alicante \u2013 Aspe CV 847, KM 3,8 &#8211; 03670 Monforte delCid, Alicante T\u00e9l\u00e9phone:Espagne : +34 965 528 748 \/ +34 865 45 00 37Belgique : +32 48 0204688Pays-Bas : + 31 97 010267800Pologne : + 48 [&hellip;]","og_url":"https:\/\/spainparadise.com\/fr\/contacto\/","og_site_name":"Spain Paradise - Reasons to Buy a House and Live in Spain","article_modified_time":"2025-08-01T12:47:24+00:00","og_image":[{"width":784,"height":324,"url":"https:\/\/spainparadise.com\/wp-content\/uploads\/2025\/04\/Logo_PNG_Sombra.png","type":"image\/png"}],"twitter_card":"summary_large_image","twitter_misc":{"Dur\u00e9e de lecture estim\u00e9e":"1 minute"},"schema":{"@context":"https:\/\/schema.org","@graph":[{"@type":"WebPage","@id":"https:\/\/spainparadise.com\/fr\/contacto\/","url":"https:\/\/spainparadise.com\/fr\/contacto\/","name":"Contact | Spain Paradise - Reasons to Buy a House and Live in Spain","isPartOf":{"@id":"https:\/\/spainparadise.com\/fr\/#website"},"datePublished":"2025-05-05T19:18:57+00:00","dateModified":"2025-08-01T12:47:24+00:00","breadcrumb":{"@id":"https:\/\/spainparadise.com\/fr\/contacto\/#breadcrumb"},"inLanguage":"fr-FR","potentialAction":[{"@type":"ReadAction","target":["https:\/\/spainparadise.com\/fr\/contacto\/"]}]},{"@type":"BreadcrumbList","@id":"https:\/\/spainparadise.com\/fr\/contacto\/#breadcrumb","itemListElement":[{"@type":"ListItem","position":1,"name":"Portada","item":"https:\/\/spainparadise.com\/fr\/inicio\/"},{"@type":"ListItem","position":2,"name":"Contact"}]},{"@type":"WebSite","@id":"https:\/\/spainparadise.com\/fr\/#website","url":"https:\/\/spainparadise.com\/fr\/","name":"Spain Paradise - Reasons to Buy a House and Live in Spain","description":"Reasons to Buy a House and Live in Spain","publisher":{"@id":"https:\/\/spainparadise.com\/fr\/#organization"},"alternateName":"Spain Paradise - Reasons to Buy a House and Live in Spain","potentialAction":[{"@type":"SearchAction","target":{"@type":"EntryPoint","urlTemplate":"https:\/\/spainparadise.com\/fr\/?s={search_term_string}"},"query-input":{"@type":"PropertyValueSpecification","valueRequired":true,"valueName":"search_term_string"}}],"inLanguage":"fr-FR"},{"@type":"Organization","@id":"https:\/\/spainparadise.com\/fr\/#organization","name":"Spain Paradise - Reasons to Buy a House and Live in Spain","url":"https:\/\/spainparadise.com\/fr\/","logo":{"@type":"ImageObject","inLanguage":"fr-FR","@id":"https:\/\/spainparadise.com\/fr\/#\/schema\/logo\/image\/","url":"https:\/\/spainparadise.com\/wp-content\/uploads\/2025\/04\/cropped-Logo_PNG_Sombra.png","contentUrl":"https:\/\/spainparadise.com\/wp-content\/uploads\/2025\/04\/cropped-Logo_PNG_Sombra.png","width":512,"height":512,"caption":"Spain Paradise - Reasons to Buy a House and Live in Spain"},"image":{"@id":"https:\/\/spainparadise.com\/fr\/#\/schema\/logo\/image\/"}}]}},"_links":{"self":[{"href":"https:\/\/spainparadise.com\/fr\/wp-json\/wp\/v2\/pages\/679","targetHints":{"allow":["GET"]}}],"collection":[{"href":"https:\/\/spainparadise.com\/fr\/wp-json\/wp\/v2\/pages"}],"about":[{"href":"https:\/\/spainparadise.com\/fr\/wp-json\/wp\/v2\/types\/page"}],"author":[{"embeddable":true,"href":"https:\/\/spainparadise.com\/fr\/wp-json\/wp\/v2\/users\/1"}],"replies":[{"embeddable":true,"href":"https:\/\/spainparadise.com\/fr\/wp-json\/wp\/v2\/comments?post=679"}],"version-history":[{"count":2,"href":"https:\/\/spainparadise.com\/fr\/wp-json\/wp\/v2\/pages\/679\/revisions"}],"predecessor-version":[{"id":2004,"href":"https:\/\/spainparadise.com\/fr\/wp-json\/wp\/v2\/pages\/679\/revisions\/2004"}],"wp:attachment":[{"href":"https:\/\/spainparadise.com\/fr\/wp-json\/wp\/v2\/media?parent=679"}],"curies":[{"name":"wp","href":"https:\/\/api.w.org\/{rel}","templated":true}]}}