{"id":922,"date":"2025-06-09T11:48:05","date_gmt":"2025-06-09T09:48:05","guid":{"rendered":"https:\/\/spainparadise.com\/producto\/taza\/"},"modified":"2025-06-09T11:48:05","modified_gmt":"2025-06-09T09:48:05","slug":"taza","status":"publish","type":"product","link":"https:\/\/spainparadise.com\/fr\/producto\/taza\/","title":{"rendered":"TAZA"},"content":{"rendered":"","protected":false},"excerpt":{"rendered":"<p>Disfruta tus bebidas favoritas con nuestra taza ilustrada, que combina funcionalidad y dise\u00f1o \u00fanico. Id\u00e9al pour para el caf\u00e9 de la ma\u00f1ana o un t\u00e9 relajante, con un toque de arte urbano. <\/p>\n","protected":false},"featured_media":788,"template":"","meta":{"_acf_changed":false,"_joinchat":[]},"product_brand":[96],"product_cat":[114],"product_tag":[],"class_list":{"0":"post-922","1":"product","2":"type-product","3":"status-publish","4":"has-post-thumbnail","6":"product_brand-spain-paradise","7":"product_cat-tazas-fr","9":"first","10":"instock","11":"taxable","12":"shipping-taxable","13":"purchasable","14":"product-type-simple"},"acf":[],"yoast_head":"<!-- This site is optimized with the Yoast SEO plugin v26.9 - https:\/\/yoast.com\/product\/yoast-seo-wordpress\/ -->\n<title>TAZA | Spain Paradise - Reasons to Buy a House and Live in Spain<\/title>\n<meta name=\"robots\" content=\"index, follow, max-snippet:-1, max-image-preview:large, max-video-preview:-1\" \/>\n<link rel=\"canonical\" href=\"https:\/\/spainparadise.com\/fr\/producto\/taza\/\" \/>\n<meta property=\"og:locale\" content=\"fr_FR\" \/>\n<meta property=\"og:type\" content=\"article\" \/>\n<meta property=\"og:title\" content=\"TAZA | Spain Paradise - Reasons to Buy a House and Live in Spain\" \/>\n<meta property=\"og:description\" content=\"Disfruta tus bebidas favoritas con nuestra taza ilustrada, que combina funcionalidad y dise\u00f1o \u00fanico. Id\u00e9al pour para el caf\u00e9 de la ma\u00f1ana o un t\u00e9 relajante, con un toque de arte urbano.\" \/>\n<meta property=\"og:url\" content=\"https:\/\/spainparadise.com\/fr\/producto\/taza\/\" \/>\n<meta property=\"og:site_name\" content=\"Spain Paradise - Reasons to Buy a House and Live in Spain\" \/>\n<meta property=\"og:image\" content=\"https:\/\/spainparadise.com\/wp-content\/uploads\/2025\/06\/taza-scaled.jpg\" \/>\n\t<meta property=\"og:image:width\" content=\"2560\" \/>\n\t<meta property=\"og:image:height\" content=\"2340\" \/>\n\t<meta property=\"og:image:type\" content=\"image\/jpeg\" \/>\n<meta name=\"twitter:card\" content=\"summary_large_image\" \/>\n<script type=\"application\/ld+json\" class=\"yoast-schema-graph\">{\"@context\":\"https:\/\/schema.org\",\"@graph\":[{\"@type\":\"WebPage\",\"@id\":\"https:\/\/spainparadise.com\/fr\/producto\/taza\/\",\"url\":\"https:\/\/spainparadise.com\/fr\/producto\/taza\/\",\"name\":\"TAZA | Spain Paradise - Reasons to Buy a House and Live in Spain\",\"isPartOf\":{\"@id\":\"https:\/\/spainparadise.com\/fr\/#website\"},\"primaryImageOfPage\":{\"@id\":\"https:\/\/spainparadise.com\/fr\/producto\/taza\/#primaryimage\"},\"image\":{\"@id\":\"https:\/\/spainparadise.com\/fr\/producto\/taza\/#primaryimage\"},\"thumbnailUrl\":\"https:\/\/spainparadise.com\/wp-content\/uploads\/2025\/06\/taza-scaled.jpg\",\"datePublished\":\"2025-06-09T09:48:05+00:00\",\"breadcrumb\":{\"@id\":\"https:\/\/spainparadise.com\/fr\/producto\/taza\/#breadcrumb\"},\"inLanguage\":\"fr-FR\",\"potentialAction\":[{\"@type\":\"ReadAction\",\"target\":[\"https:\/\/spainparadise.com\/fr\/producto\/taza\/\"]}]},{\"@type\":\"ImageObject\",\"inLanguage\":\"fr-FR\",\"@id\":\"https:\/\/spainparadise.com\/fr\/producto\/taza\/#primaryimage\",\"url\":\"https:\/\/spainparadise.com\/wp-content\/uploads\/2025\/06\/taza-scaled.jpg\",\"contentUrl\":\"https:\/\/spainparadise.com\/wp-content\/uploads\/2025\/06\/taza-scaled.jpg\",\"width\":2560,\"height\":2340,\"caption\":\"Coupe blanche isol\u00e9e sur fond blanc\"},{\"@type\":\"BreadcrumbList\",\"@id\":\"https:\/\/spainparadise.com\/fr\/producto\/taza\/#breadcrumb\",\"itemListElement\":[{\"@type\":\"ListItem\",\"position\":1,\"name\":\"Portada\",\"item\":\"https:\/\/spainparadise.com\/fr\/inicio\/\"},{\"@type\":\"ListItem\",\"position\":2,\"name\":\"Boutique\",\"item\":\"https:\/\/spainparadise.com\/fr\/boutique\/\"},{\"@type\":\"ListItem\",\"position\":3,\"name\":\"TAZA\"}]},{\"@type\":\"WebSite\",\"@id\":\"https:\/\/spainparadise.com\/fr\/#website\",\"url\":\"https:\/\/spainparadise.com\/fr\/\",\"name\":\"Spain Paradise - Reasons to Buy a House and Live in Spain\",\"description\":\"Reasons to Buy a House and Live in Spain\",\"publisher\":{\"@id\":\"https:\/\/spainparadise.com\/fr\/#organization\"},\"alternateName\":\"Spain Paradise - Reasons to Buy a House and Live in Spain\",\"potentialAction\":[{\"@type\":\"SearchAction\",\"target\":{\"@type\":\"EntryPoint\",\"urlTemplate\":\"https:\/\/spainparadise.com\/fr\/?s={search_term_string}\"},\"query-input\":{\"@type\":\"PropertyValueSpecification\",\"valueRequired\":true,\"valueName\":\"search_term_string\"}}],\"inLanguage\":\"fr-FR\"},{\"@type\":\"Organization\",\"@id\":\"https:\/\/spainparadise.com\/fr\/#organization\",\"name\":\"Spain Paradise - Reasons to Buy a House and Live in Spain\",\"url\":\"https:\/\/spainparadise.com\/fr\/\",\"logo\":{\"@type\":\"ImageObject\",\"inLanguage\":\"fr-FR\",\"@id\":\"https:\/\/spainparadise.com\/fr\/#\/schema\/logo\/image\/\",\"url\":\"https:\/\/spainparadise.com\/wp-content\/uploads\/2025\/04\/cropped-Logo_PNG_Sombra.png\",\"contentUrl\":\"https:\/\/spainparadise.com\/wp-content\/uploads\/2025\/04\/cropped-Logo_PNG_Sombra.png\",\"width\":512,\"height\":512,\"caption\":\"Spain Paradise - Reasons to Buy a House and Live in Spain\"},\"image\":{\"@id\":\"https:\/\/spainparadise.com\/fr\/#\/schema\/logo\/image\/\"}}]}<\/script>\n<!-- \/ Yoast SEO plugin. -->","yoast_head_json":{"title":"TAZA | Spain Paradise - Reasons to Buy a House and Live in Spain","robots":{"index":"index","follow":"follow","max-snippet":"max-snippet:-1","max-image-preview":"max-image-preview:large","max-video-preview":"max-video-preview:-1"},"canonical":"https:\/\/spainparadise.com\/fr\/producto\/taza\/","og_locale":"fr_FR","og_type":"article","og_title":"TAZA | Spain Paradise - Reasons to Buy a House and Live in Spain","og_description":"Disfruta tus bebidas favoritas con nuestra taza ilustrada, que combina funcionalidad y dise\u00f1o \u00fanico. Id\u00e9al pour para el caf\u00e9 de la ma\u00f1ana o un t\u00e9 relajante, con un toque de arte urbano.","og_url":"https:\/\/spainparadise.com\/fr\/producto\/taza\/","og_site_name":"Spain Paradise - Reasons to Buy a House and Live in Spain","og_image":[{"width":2560,"height":2340,"url":"https:\/\/spainparadise.com\/wp-content\/uploads\/2025\/06\/taza-scaled.jpg","type":"image\/jpeg"}],"twitter_card":"summary_large_image","schema":{"@context":"https:\/\/schema.org","@graph":[{"@type":"WebPage","@id":"https:\/\/spainparadise.com\/fr\/producto\/taza\/","url":"https:\/\/spainparadise.com\/fr\/producto\/taza\/","name":"TAZA | Spain Paradise - Reasons to Buy a House and Live in Spain","isPartOf":{"@id":"https:\/\/spainparadise.com\/fr\/#website"},"primaryImageOfPage":{"@id":"https:\/\/spainparadise.com\/fr\/producto\/taza\/#primaryimage"},"image":{"@id":"https:\/\/spainparadise.com\/fr\/producto\/taza\/#primaryimage"},"thumbnailUrl":"https:\/\/spainparadise.com\/wp-content\/uploads\/2025\/06\/taza-scaled.jpg","datePublished":"2025-06-09T09:48:05+00:00","breadcrumb":{"@id":"https:\/\/spainparadise.com\/fr\/producto\/taza\/#breadcrumb"},"inLanguage":"fr-FR","potentialAction":[{"@type":"ReadAction","target":["https:\/\/spainparadise.com\/fr\/producto\/taza\/"]}]},{"@type":"ImageObject","inLanguage":"fr-FR","@id":"https:\/\/spainparadise.com\/fr\/producto\/taza\/#primaryimage","url":"https:\/\/spainparadise.com\/wp-content\/uploads\/2025\/06\/taza-scaled.jpg","contentUrl":"https:\/\/spainparadise.com\/wp-content\/uploads\/2025\/06\/taza-scaled.jpg","width":2560,"height":2340,"caption":"Coupe blanche isol\u00e9e sur fond blanc"},{"@type":"BreadcrumbList","@id":"https:\/\/spainparadise.com\/fr\/producto\/taza\/#breadcrumb","itemListElement":[{"@type":"ListItem","position":1,"name":"Portada","item":"https:\/\/spainparadise.com\/fr\/inicio\/"},{"@type":"ListItem","position":2,"name":"Boutique","item":"https:\/\/spainparadise.com\/fr\/boutique\/"},{"@type":"ListItem","position":3,"name":"TAZA"}]},{"@type":"WebSite","@id":"https:\/\/spainparadise.com\/fr\/#website","url":"https:\/\/spainparadise.com\/fr\/","name":"Spain Paradise - Reasons to Buy a House and Live in Spain","description":"Reasons to Buy a House and Live in Spain","publisher":{"@id":"https:\/\/spainparadise.com\/fr\/#organization"},"alternateName":"Spain Paradise - Reasons to Buy a House and Live in Spain","potentialAction":[{"@type":"SearchAction","target":{"@type":"EntryPoint","urlTemplate":"https:\/\/spainparadise.com\/fr\/?s={search_term_string}"},"query-input":{"@type":"PropertyValueSpecification","valueRequired":true,"valueName":"search_term_string"}}],"inLanguage":"fr-FR"},{"@type":"Organization","@id":"https:\/\/spainparadise.com\/fr\/#organization","name":"Spain Paradise - Reasons to Buy a House and Live in Spain","url":"https:\/\/spainparadise.com\/fr\/","logo":{"@type":"ImageObject","inLanguage":"fr-FR","@id":"https:\/\/spainparadise.com\/fr\/#\/schema\/logo\/image\/","url":"https:\/\/spainparadise.com\/wp-content\/uploads\/2025\/04\/cropped-Logo_PNG_Sombra.png","contentUrl":"https:\/\/spainparadise.com\/wp-content\/uploads\/2025\/04\/cropped-Logo_PNG_Sombra.png","width":512,"height":512,"caption":"Spain Paradise - Reasons to Buy a House and Live in Spain"},"image":{"@id":"https:\/\/spainparadise.com\/fr\/#\/schema\/logo\/image\/"}}]}},"_links":{"self":[{"href":"https:\/\/spainparadise.com\/fr\/wp-json\/wp\/v2\/product\/922","targetHints":{"allow":["GET"]}}],"collection":[{"href":"https:\/\/spainparadise.com\/fr\/wp-json\/wp\/v2\/product"}],"about":[{"href":"https:\/\/spainparadise.com\/fr\/wp-json\/wp\/v2\/types\/product"}],"wp:featuredmedia":[{"embeddable":true,"href":"https:\/\/spainparadise.com\/fr\/wp-json\/wp\/v2\/media\/788"}],"wp:attachment":[{"href":"https:\/\/spainparadise.com\/fr\/wp-json\/wp\/v2\/media?parent=922"}],"wp:term":[{"taxonomy":"product_brand","embeddable":true,"href":"https:\/\/spainparadise.com\/fr\/wp-json\/wp\/v2\/product_brand?post=922"},{"taxonomy":"product_cat","embeddable":true,"href":"https:\/\/spainparadise.com\/fr\/wp-json\/wp\/v2\/product_cat?post=922"},{"taxonomy":"product_tag","embeddable":true,"href":"https:\/\/spainparadise.com\/fr\/wp-json\/wp\/v2\/product_tag?post=922"}],"curies":[{"name":"wp","href":"https:\/\/api.w.org\/{rel}","templated":true}]}}