{"id":668,"date":"2025-05-05T21:20:53","date_gmt":"2025-05-05T19:20:53","guid":{"rendered":"https:\/\/spainparadise.com\/por-que-espana\/"},"modified":"2025-08-01T13:38:19","modified_gmt":"2025-08-01T11:38:19","slug":"por-que-espana","status":"publish","type":"page","link":"https:\/\/spainparadise.com\/pl\/por-que-espana\/","title":{"rendered":"Dlaczego Hiszpania"},"content":{"rendered":"\t\t<div data-elementor-type=\"wp-page\" data-elementor-id=\"668\" class=\"elementor elementor-668 elementor-32\" data-elementor-post-type=\"page\">\n\t\t\t\t<div class=\"elementor-element elementor-element-7ee7ff3 e-flex e-con-boxed e-con e-parent\" data-id=\"7ee7ff3\" data-element_type=\"container\" data-e-type=\"container\" data-settings=\"{&quot;background_background&quot;:&quot;classic&quot;}\">\n\t\t\t\t\t<div class=\"e-con-inner\">\n\t\t\t\t<div class=\"elementor-element elementor-element-712ed52 elementor-widget elementor-widget-heading\" data-id=\"712ed52\" data-element_type=\"widget\" data-e-type=\"widget\" data-widget_type=\"heading.default\">\n\t\t\t\t\t<h1 class=\"elementor-heading-title elementor-size-default\">Dlaczego Hiszpania<\/h1>\t\t\t\t<\/div>\n\t\t\t\t<div class=\"elementor-element elementor-element-71fd14f elementor-widget elementor-widget-heading\" data-id=\"71fd14f\" data-element_type=\"widget\" data-e-type=\"widget\" data-widget_type=\"heading.default\">\n\t\t\t\t\t<span class=\"elementor-heading-title elementor-size-default\">VIVE HISZPANIA, \u017bYWY RAJ<\/span>\t\t\t\t<\/div>\n\t\t\t\t\t<\/div>\n\t\t\t\t<\/div>\n\t\t<div class=\"elementor-element elementor-element-3ad15b0 e-flex e-con-boxed e-con e-parent\" data-id=\"3ad15b0\" data-element_type=\"container\" data-e-type=\"container\" data-settings=\"{&quot;background_background&quot;:&quot;classic&quot;}\">\n\t\t\t\t\t<div class=\"e-con-inner\">\n\t\t\t\t<div class=\"elementor-element elementor-element-30eb0d8 elementor-widget elementor-widget-heading\" data-id=\"30eb0d8\" data-element_type=\"widget\" data-e-type=\"widget\" data-widget_type=\"heading.default\">\n\t\t\t\t\t<h2 class=\"elementor-heading-title elementor-size-default\">10 POWOD\u00d3W, DLA KT\u00d3RYCH WARTO MIESZKA\u0106 W HISZPANII<\/h2>\t\t\t\t<\/div>\n\t\t\t\t<div class=\"elementor-element elementor-element-108daa3 elementor-widget elementor-widget-text-editor\" data-id=\"108daa3\" data-element_type=\"widget\" data-e-type=\"widget\" data-widget_type=\"text-editor.default\">\n\t\t\t\t\t\t\t\t\t<p><strong>1. Uprzywilejowany klimat przez ca\u0142y rok<\/strong><br>Hiszpania mo\u017ce poszczyci\u0107 si\u0119 ponad 300 s\u0142onecznymi dniami w roku w wielu regionach. \u0141agodne zimy, przyjemne wiosny i t\u0119tni\u0105ce \u017cyciem lata sprawiaj\u0105, \u017ce kraj ten jest idealnym miejscem dla tych, kt\u00f3rzy szukaj\u0105 \u015bwiat\u0142a, ciep\u0142a i \u017cycia na \u015bwie\u017cym powietrzu przez ca\u0142y rok. <\/p><p><strong>2. Jako\u015b\u0107 \u017cycia, kt\u00f3r\u0105 trudno pokona\u0107<\/strong><br>R\u00f3wnowaga mi\u0119dzy prac\u0105 a wypoczynkiem, \u017cyciem towarzyskim, bezpiecze\u0144stwem, dost\u0119pem do wysokiej jako\u015bci us\u0142ug zdrowotnych i dobrym od\u017cywianiem jest cz\u0119\u015bci\u0105 codziennego \u017cycia. W Hiszpanii dobre \u017cycie nie jest luksusem, to zwyczaj. <\/p><p><strong>3. Aktywna i przyjazna spo\u0142eczno\u015b\u0107 mi\u0119dzynarodowa<\/strong><br>Hiszpania jest domem dla du\u017cej spo\u0142eczno\u015bci mi\u0119dzynarodowej. W miastach, miasteczkach i na obszarach przybrze\u017cnych \u0142atwo znale\u017a\u0107 ludzi z r\u00f3\u017cnych kraj\u00f3w, kt\u00f3rzy wybrali to miejsce, aby rozpocz\u0105\u0107 nowy etap. Istniej\u0105 sieci wsparcia, zaj\u0119cia w kilku j\u0119zykach i integracyjne \u015brodowisko, kt\u00f3re sprawia, \u017ce ka\u017cdy<br>Zapraszamy serdecznie.  <\/p><p><strong>4. Kultura i tradycja na ka\u017cdym kroku<\/strong><br>Tutaj \u017cyje si\u0119 intensywnie: popularne festiwale, muzyka na placach, targi pod go\u0142ym niebem, lokalna gastronomia i historia obecna w ka\u017cdym zak\u0105tku. Od du\u017cych stolic po najmniejsze miasta, ka\u017cde miejsce ma swoj\u0105 w\u0142asn\u0105 osobowo\u015b\u0107. <\/p><p><strong>5. Gastronomia \u015br\u00f3dziemnomorska i zdrowy styl \u017cycia<\/strong><br>Dieta \u015br\u00f3dziemnomorska \u2013 niematerialne dziedzictwo ludzko\u015bci \u2013 jest nie tylko pyszna, ale i zdrowa. Oliwa z oliwek, owoce, \u015bwie\u017ce warzywa, ryby&#8230; Dobre i zbilansowane od\u017cywianie jest tu naturaln\u0105 cz\u0119\u015bci\u0105 \u017cycia. <\/p><p><strong>6. Doskona\u0142e po\u0142\u0105czenia i dobra infrastruktura<\/strong><br>Hiszpania posiada nowoczesn\u0105 sie\u0107 transportow\u0105: szybkie poci\u0105gi, dobrze skomunikowane autostrady, mi\u0119dzynarodowe lotniska oraz \u015bwiatowej klasy infrastruktur\u0119 zdrowotn\u0105, edukacyjn\u0105 i cyfrow\u0105. Poruszanie si\u0119 po mie\u015bcie, praca lub nauka z tego miejsca jest wygodne i \u0142atwo dost\u0119pne. <\/p><p><strong>7. Konkurencyjne koszty utrzymania<\/strong><br>W por\u00f3wnaniu z wieloma krajami Europy P\u00f3\u0142nocnej i \u015arodkowej, Hiszpania oferuje bardziej przyst\u0119pne koszty utrzymania. Od mieszka\u0144 po podstawowe produkty, mo\u017cna cieszy\u0107 si\u0119 jako\u015bci\u0105 \u017cycia bez nadmiernych wydatk\u00f3w, zw\u0142aszcza w por\u00f3wnaniu z innymi obszarami Europy Zachodniej. <\/p><p><strong>8. Bezpiecze\u0144stwo i stabilno\u015b\u0107<\/strong><br>Hiszpania jest jednym z najbezpieczniejszych kraj\u00f3w w Europie, z niskimi wska\u017anikami przest\u0119pczo\u015bci i silnym systemem prawnym. Poczucie spokoju i ochrony jest kluczow\u0105 warto\u015bci\u0105 dla tych, kt\u00f3rzy chc\u0105 si\u0119 ustatkowa\u0107 na d\u0142u\u017csz\u0105 met\u0119. <\/p><p><strong>9. R\u00f3\u017cnorodno\u015b\u0107 \u015brodowisk na ka\u017cdy gust<\/strong><br>Od kosmopolitycznych miast, takich jak Madryt czy Barcelona, przez spokojne nadmorskie miasteczka, pe\u0142ne uroku wiejskie tereny, a\u017c po rajskie wyspy czy g\u00f3rskie enklawy, Hiszpania oferuje zr\u00f3\u017cnicowane \u015brodowiska, w kt\u00f3rych ka\u017cdy znajdzie swoje idealne miejsce.<\/p><p><strong>10. Referencje, kt\u00f3re to potwierdzaj\u0105<\/strong><br>&#8222;Przyjechali\u015bmy sp\u0119dzi\u0107 tam kilka miesi\u0119cy, a to ju\u017c sze\u015b\u0107 lat&#8221; \u2013 m\u00f3wi Julia, Niemka mieszkaj\u0105ca w Alicante. &#8222;Tutaj znale\u017ali\u015bmy to, czego szukali\u015bmy: jako\u015b\u0107 \u017cycia, dobrych ludzi i miejsce, w kt\u00f3rym mo\u017cemy spokojnie wychowywa\u0107 nasze dzieci&#8221; \u2013 m\u00f3wi Thomas, kt\u00f3ry kupi\u0142 sw\u00f3j dom na Costa Blanca. Podobnie jak oni, tysi\u0105ce ludzi dzieli si\u0119 historiami o zmianach, ulepszeniach, rozpocz\u0119ciu nowego \u017cycia, w kt\u00f3rym to, co istotne, ma wi\u0119ksz\u0105 warto\u015b\u0107.  <\/p>\t\t\t\t\t\t\t\t<\/div>\n\t\t\t\t\t<\/div>\n\t\t\t\t<\/div>\n\t\t<div class=\"elementor-element elementor-element-92dc09c e-con-full e-flex e-con e-parent\" data-id=\"92dc09c\" data-element_type=\"container\" data-e-type=\"container\">\n\t\t<div class=\"elementor-element elementor-element-4afd8b7 e-con-full e-flex e-con e-child\" data-id=\"4afd8b7\" data-element_type=\"container\" data-e-type=\"container\">\n\t\t\t\t<div class=\"elementor-element elementor-element-cc45522 elementor-widget elementor-widget-heading\" data-id=\"cc45522\" data-element_type=\"widget\" data-e-type=\"widget\" data-widget_type=\"heading.default\">\n\t\t\t\t\t<h2 class=\"elementor-heading-title elementor-size-default\">JAKO\u015a\u0106 \u017bYCIA<\/h2>\t\t\t\t<\/div>\n\t\t\t\t<div class=\"elementor-element elementor-element-a077fe4 elementor-widget__width-initial elementor-widget elementor-widget-text-editor\" data-id=\"a077fe4\" data-element_type=\"widget\" data-e-type=\"widget\" data-widget_type=\"text-editor.default\">\n\t\t\t\t\t\t\t\t\t<p>Hiszpania jest synonimem dobrego samopoczucia. Przyjemny klimat, zdrowe od\u017cywianie, wysokiej jako\u015bci system opieki zdrowotnej i zr\u00f3wnowa\u017cone tempo \u017cycia sprawiaj\u0105, \u017ce kraj ten jest jednym z najlepszych miejsc do \u017cycia w Europie. Tutaj delektowanie si\u0119 posi\u0142kiem na \u015bwie\u017cym powietrzu, spacer o zachodzie s\u0142o\u0144ca lub po\u015bwi\u0119cenie czasu dla rodziny i przyjaci\u00f3\u0142 nie jest wyj\u0105tkiem, ale norm\u0105. Miasta s\u0105 zaprojektowane do \u017cycia, a \u015brodowisko zach\u0119ca do aktywnego i zdrowego \u017cycia. Wszystko to przek\u0142ada si\u0119 na og\u00f3lne dobre samopoczucie, kt\u00f3re wielu przybysz\u00f3w podkre\u015bla od pierwszych dni w kraju.    <\/p>\t\t\t\t\t\t\t\t<\/div>\n\t\t\t\t<\/div>\n\t\t<div class=\"elementor-element elementor-element-d29a3f5 e-con-full e-flex e-con e-child\" data-id=\"d29a3f5\" data-element_type=\"container\" data-e-type=\"container\" data-settings=\"{&quot;background_background&quot;:&quot;classic&quot;}\">\n\t\t\t\t<\/div>\n\t\t\t\t<\/div>\n\t\t<div class=\"elementor-element elementor-element-3503c08 e-con-full e-flex e-con e-parent\" data-id=\"3503c08\" data-element_type=\"container\" data-e-type=\"container\">\n\t\t<div class=\"elementor-element elementor-element-4a75401 e-con-full e-flex e-con e-child\" data-id=\"4a75401\" data-element_type=\"container\" data-e-type=\"container\" data-settings=\"{&quot;background_background&quot;:&quot;classic&quot;}\">\n\t\t\t\t<\/div>\n\t\t<div class=\"elementor-element elementor-element-cc0b065 e-con-full e-flex e-con e-child\" data-id=\"cc0b065\" data-element_type=\"container\" data-e-type=\"container\" data-settings=\"{&quot;background_background&quot;:&quot;classic&quot;}\">\n\t\t\t\t<div class=\"elementor-element elementor-element-1266f3d elementor-widget elementor-widget-heading\" data-id=\"1266f3d\" data-element_type=\"widget\" data-e-type=\"widget\" data-widget_type=\"heading.default\">\n\t\t\t\t\t<h2 class=\"elementor-heading-title elementor-size-default\">Spo\u0142eczno\u015b\u0107 mi\u0119dzynarodowa<\/h2>\t\t\t\t<\/div>\n\t\t\t\t<div class=\"elementor-element elementor-element-523de91 elementor-widget__width-initial elementor-widget elementor-widget-text-editor\" data-id=\"523de91\" data-element_type=\"widget\" data-e-type=\"widget\" data-widget_type=\"text-editor.default\">\n\t\t\t\t\t\t\t\t\t<p>Hiszpania by\u0142a historycznie miejscem spotka\u0144 kultur i tak jest r\u00f3wnie\u017c dzisiaj. Od emeryt\u00f3w z p\u00f3\u0142nocnej Europy szukaj\u0105cych s\u0142o\u0144ca i<br>spok\u00f3j, nawet cyfrowi nomadzi, studenci czy rodziny, kt\u00f3re decyduj\u0105 si\u0119 rozpocz\u0105\u0107 nowe \u017cycie, spo\u0142eczno\u015b\u0107 mi\u0119dzynarodowa nie przestaje si\u0119 rozwija\u0107.<br>Na obszarach takich jak Costa Blanca, Malaga, Baleary, a nawet w miastach w g\u0142\u0119bi l\u0105du, cz\u0119sto s\u0142yszy si\u0119 kilka j\u0119zyk\u00f3w na tej samej ulicy. Partnerstwa, wydarzenia wielokulturowe i sieci wsparcia sprawiaj\u0105, \u017ce adaptacja jest \u0142atwa i szybka. Tutaj bycie obcokrajowcem nie jest rzadko\u015bci\u0105: jest cz\u0119\u015bci\u0105 bogactwa spo\u0142ecznego kraju.   <\/p>\t\t\t\t\t\t\t\t<\/div>\n\t\t\t\t<\/div>\n\t\t\t\t<\/div>\n\t\t<div class=\"elementor-element elementor-element-614a747 e-flex e-con-boxed e-con e-parent\" data-id=\"614a747\" data-element_type=\"container\" data-e-type=\"container\">\n\t\t\t\t\t<div class=\"e-con-inner\">\n\t\t\t\t<div class=\"elementor-element elementor-element-a540b9b elementor-widget elementor-widget-heading\" data-id=\"a540b9b\" data-element_type=\"widget\" data-e-type=\"widget\" data-widget_type=\"heading.default\">\n\t\t\t\t\t<h2 class=\"elementor-heading-title elementor-size-default\">Por\u00f3wnanie z innymi krajami<\/h2>\t\t\t\t<\/div>\n\t\t\t\t<div class=\"elementor-element elementor-element-90f798a elementor-widget elementor-widget-text-editor\" data-id=\"90f798a\" data-element_type=\"widget\" data-e-type=\"widget\" data-widget_type=\"text-editor.default\">\n\t\t\t\t\t\t\t\t\t<p>Por\u00f3wnuj\u0105c kluczowe czynniki, takie jak koszty utrzymania, system opieki zdrowotnej, bezpiecze\u0144stwo czy klimat, Hiszpania jest bardzo dobrze przygotowana w por\u00f3wnaniu z innymi krajami europejskimi. Mieszkalnictwo jest nadal bardziej dost\u0119pne ni\u017c w wielu p\u00f3\u0142nocnych stolicach, publiczna s\u0142u\u017cba zdrowia jest wysokiej jako\u015bci i powszechna, a us\u0142ugi s\u0105 modernizowane. Do tego dochodzi aktywne \u017cycie towarzyskie i bogata oferta kulturalna. Podczas gdy w innych krajach tempo jest szybsze, a zima d\u0142u\u017csza, w Hiszpanii panuje poczucie r\u00f3wnowagi i przyjemno\u015bci, kt\u00f3re jest szczeg\u00f3lnie cenione przez tych, kt\u00f3rzy przyje\u017cd\u017caj\u0105 z zagranicy.   <\/p>\t\t\t\t\t\t\t\t<\/div>\n\t\t\t\t\t<\/div>\n\t\t\t\t<\/div>\n\t\t<div class=\"elementor-element elementor-element-4c67a8f e-flex e-con-boxed e-con e-parent\" data-id=\"4c67a8f\" data-element_type=\"container\" data-e-type=\"container\" data-settings=\"{&quot;background_background&quot;:&quot;classic&quot;}\">\n\t\t\t\t\t<div class=\"e-con-inner\">\n\t\t\t\t<div class=\"elementor-element elementor-element-4bac6f4 elementor-widget elementor-widget-heading\" data-id=\"4bac6f4\" data-element_type=\"widget\" data-e-type=\"widget\" data-widget_type=\"heading.default\">\n\t\t\t\t\t<h2 class=\"elementor-heading-title elementor-size-default\">Referencje od prawdziwych nabywc\u00f3w<\/h2>\t\t\t\t<\/div>\n\t\t\t\t<div class=\"elementor-element elementor-element-2d56005 elementor-widget elementor-widget-text-editor\" data-id=\"2d56005\" data-element_type=\"widget\" data-e-type=\"widget\" data-widget_type=\"text-editor.default\">\n\t\t\t\t\t\t\t\t\t<p>&#8222;Po odwiedzeniu kilku rejon\u00f3w Morza \u015ar\u00f3dziemnego zakochali\u015bmy si\u0119 w J\u00e1vea. Tutaj znale\u017ali\u015bmy dom, kt\u00f3rego szukali\u015bmy na nasze wakacje&#8230; i \u017ce teraz jest naszym sta\u0142ym domem&#8221; \u2013 Sophie i Marc, Francja.<\/p><p>&#8222;Szukali\u015bmy miejsca ze s\u0142o\u0144cem, bezpiecze\u0144stwem i dobrym po\u0142\u0105czeniem z reszt\u0105 Europy. Znale\u017ali\u015bmy go w Alicante i nie mogliby\u015bmy by\u0107 bardziej zadowoleni z naszej decyzji.&#8221; \u2014 Thomas, Niemcy.<\/p><p>&#8222;Byli\u015bmy zaskoczeni tym, jak \u0142atwo by\u0142o si\u0119 dostosowa\u0107. Przyje\u017cd\u017caj\u0105 ludzie z ca\u0142ego \u015bwiata, atmosfera jest lu\u017ana i zawsze jest co\u015b do zrobienia. Tutaj budujemy \u017cycie, o kt\u00f3rym kiedy\u015b tylko marzyli\u015bmy&#8221; \u2013 Eva i Luc, Belgia.<\/p>\t\t\t\t\t\t\t\t<\/div>\n\t\t\t\t\t<\/div>\n\t\t\t\t<\/div>\n\t\t\t\t<\/div>\n\t\t","protected":false},"excerpt":{"rendered":"<p>Dlaczego Hiszpania VIVE HISZPANIA, \u017bYWY RAJ 10 POWOD\u00d3W, DLA KT\u00d3RYCH WARTO MIESZKA\u0106 W HISZPANII 1. Uprzywilejowany klimat przez ca\u0142y rokHiszpania mo\u017ce poszczyci\u0107 si\u0119 ponad 300 s\u0142onecznymi dniami w roku w wielu regionach. \u0141agodne zimy, przyjemne wiosny i t\u0119tni\u0105ce \u017cyciem lata sprawiaj\u0105, \u017ce kraj ten jest idealnym miejscem dla tych, kt\u00f3rzy szukaj\u0105 \u015bwiat\u0142a, ciep\u0142a i \u017cycia [&hellip;]<\/p>\n","protected":false},"author":1,"featured_media":0,"parent":0,"menu_order":0,"comment_status":"closed","ping_status":"closed","template":"","meta":{"_acf_changed":false,"_joinchat":[],"footnotes":""},"class_list":["post-668","page","type-page","status-publish","hentry"],"acf":[],"yoast_head":"<!-- This site is optimized with the Yoast SEO plugin v26.9 - https:\/\/yoast.com\/product\/yoast-seo-wordpress\/ -->\n<title>Dlaczego Hiszpania | Spain Paradise - Reasons to Buy a House and Live in Spain<\/title>\n<meta name=\"robots\" content=\"index, follow, max-snippet:-1, max-image-preview:large, max-video-preview:-1\" \/>\n<link rel=\"canonical\" href=\"https:\/\/spainparadise.com\/pl\/por-que-espana\/\" \/>\n<meta property=\"og:locale\" content=\"pl_PL\" \/>\n<meta property=\"og:type\" content=\"article\" \/>\n<meta property=\"og:title\" content=\"Dlaczego Hiszpania | Spain Paradise - Reasons to Buy a House and Live in Spain\" \/>\n<meta property=\"og:description\" content=\"Dlaczego Hiszpania VIVE HISZPANIA, \u017bYWY RAJ 10 POWOD\u00d3W, DLA KT\u00d3RYCH WARTO MIESZKA\u0106 W HISZPANII 1. Uprzywilejowany klimat przez ca\u0142y rokHiszpania mo\u017ce poszczyci\u0107 si\u0119 ponad 300 s\u0142onecznymi dniami w roku w wielu regionach. \u0141agodne zimy, przyjemne wiosny i t\u0119tni\u0105ce \u017cyciem lata sprawiaj\u0105, \u017ce kraj ten jest idealnym miejscem dla tych, kt\u00f3rzy szukaj\u0105 \u015bwiat\u0142a, ciep\u0142a i \u017cycia [&hellip;]\" \/>\n<meta property=\"og:url\" content=\"https:\/\/spainparadise.com\/pl\/por-que-espana\/\" \/>\n<meta property=\"og:site_name\" content=\"Spain Paradise - Reasons to Buy a House and Live in Spain\" \/>\n<meta property=\"article:modified_time\" content=\"2025-08-01T11:38:19+00:00\" \/>\n<meta property=\"og:image\" content=\"https:\/\/spainparadise.com\/wp-content\/uploads\/2025\/04\/Logo_PNG_Sombra.png\" \/>\n\t<meta property=\"og:image:width\" content=\"784\" \/>\n\t<meta property=\"og:image:height\" content=\"324\" \/>\n\t<meta property=\"og:image:type\" content=\"image\/png\" \/>\n<meta name=\"twitter:card\" content=\"summary_large_image\" \/>\n<meta name=\"twitter:label1\" content=\"Szacowany czas czytania\" \/>\n\t<meta name=\"twitter:data1\" content=\"5 minuta\" \/>\n<script type=\"application\/ld+json\" class=\"yoast-schema-graph\">{\"@context\":\"https:\/\/schema.org\",\"@graph\":[{\"@type\":\"WebPage\",\"@id\":\"https:\/\/spainparadise.com\/pl\/por-que-espana\/\",\"url\":\"https:\/\/spainparadise.com\/pl\/por-que-espana\/\",\"name\":\"Dlaczego Hiszpania | Spain Paradise - Reasons to Buy a House and Live in Spain\",\"isPartOf\":{\"@id\":\"https:\/\/spainparadise.com\/pl\/#website\"},\"datePublished\":\"2025-05-05T19:20:53+00:00\",\"dateModified\":\"2025-08-01T11:38:19+00:00\",\"breadcrumb\":{\"@id\":\"https:\/\/spainparadise.com\/pl\/por-que-espana\/#breadcrumb\"},\"inLanguage\":\"pl-PL\",\"potentialAction\":[{\"@type\":\"ReadAction\",\"target\":[\"https:\/\/spainparadise.com\/pl\/por-que-espana\/\"]}]},{\"@type\":\"BreadcrumbList\",\"@id\":\"https:\/\/spainparadise.com\/pl\/por-que-espana\/#breadcrumb\",\"itemListElement\":[{\"@type\":\"ListItem\",\"position\":1,\"name\":\"Portada\",\"item\":\"https:\/\/spainparadise.com\/pl\/inicio\/\"},{\"@type\":\"ListItem\",\"position\":2,\"name\":\"Dlaczego Hiszpania\"}]},{\"@type\":\"WebSite\",\"@id\":\"https:\/\/spainparadise.com\/pl\/#website\",\"url\":\"https:\/\/spainparadise.com\/pl\/\",\"name\":\"Spain Paradise - Reasons to Buy a House and Live in Spain\",\"description\":\"Reasons to Buy a House and Live in Spain\",\"publisher\":{\"@id\":\"https:\/\/spainparadise.com\/pl\/#organization\"},\"alternateName\":\"Spain Paradise - Reasons to Buy a House and Live in Spain\",\"potentialAction\":[{\"@type\":\"SearchAction\",\"target\":{\"@type\":\"EntryPoint\",\"urlTemplate\":\"https:\/\/spainparadise.com\/pl\/?s={search_term_string}\"},\"query-input\":{\"@type\":\"PropertyValueSpecification\",\"valueRequired\":true,\"valueName\":\"search_term_string\"}}],\"inLanguage\":\"pl-PL\"},{\"@type\":\"Organization\",\"@id\":\"https:\/\/spainparadise.com\/pl\/#organization\",\"name\":\"Spain Paradise - Reasons to Buy a House and Live in Spain\",\"url\":\"https:\/\/spainparadise.com\/pl\/\",\"logo\":{\"@type\":\"ImageObject\",\"inLanguage\":\"pl-PL\",\"@id\":\"https:\/\/spainparadise.com\/pl\/#\/schema\/logo\/image\/\",\"url\":\"https:\/\/spainparadise.com\/wp-content\/uploads\/2025\/04\/cropped-Logo_PNG_Sombra.png\",\"contentUrl\":\"https:\/\/spainparadise.com\/wp-content\/uploads\/2025\/04\/cropped-Logo_PNG_Sombra.png\",\"width\":512,\"height\":512,\"caption\":\"Spain Paradise - Reasons to Buy a House and Live in Spain\"},\"image\":{\"@id\":\"https:\/\/spainparadise.com\/pl\/#\/schema\/logo\/image\/\"}}]}<\/script>\n<!-- \/ Yoast SEO plugin. -->","yoast_head_json":{"title":"Dlaczego Hiszpania | Spain Paradise - Reasons to Buy a House and Live in Spain","robots":{"index":"index","follow":"follow","max-snippet":"max-snippet:-1","max-image-preview":"max-image-preview:large","max-video-preview":"max-video-preview:-1"},"canonical":"https:\/\/spainparadise.com\/pl\/por-que-espana\/","og_locale":"pl_PL","og_type":"article","og_title":"Dlaczego Hiszpania | Spain Paradise - Reasons to Buy a House and Live in Spain","og_description":"Dlaczego Hiszpania VIVE HISZPANIA, \u017bYWY RAJ 10 POWOD\u00d3W, DLA KT\u00d3RYCH WARTO MIESZKA\u0106 W HISZPANII 1. Uprzywilejowany klimat przez ca\u0142y rokHiszpania mo\u017ce poszczyci\u0107 si\u0119 ponad 300 s\u0142onecznymi dniami w roku w wielu regionach. \u0141agodne zimy, przyjemne wiosny i t\u0119tni\u0105ce \u017cyciem lata sprawiaj\u0105, \u017ce kraj ten jest idealnym miejscem dla tych, kt\u00f3rzy szukaj\u0105 \u015bwiat\u0142a, ciep\u0142a i \u017cycia [&hellip;]","og_url":"https:\/\/spainparadise.com\/pl\/por-que-espana\/","og_site_name":"Spain Paradise - Reasons to Buy a House and Live in Spain","article_modified_time":"2025-08-01T11:38:19+00:00","og_image":[{"width":784,"height":324,"url":"https:\/\/spainparadise.com\/wp-content\/uploads\/2025\/04\/Logo_PNG_Sombra.png","type":"image\/png"}],"twitter_card":"summary_large_image","twitter_misc":{"Szacowany czas czytania":"5 minuta"},"schema":{"@context":"https:\/\/schema.org","@graph":[{"@type":"WebPage","@id":"https:\/\/spainparadise.com\/pl\/por-que-espana\/","url":"https:\/\/spainparadise.com\/pl\/por-que-espana\/","name":"Dlaczego Hiszpania | Spain Paradise - Reasons to Buy a House and Live in Spain","isPartOf":{"@id":"https:\/\/spainparadise.com\/pl\/#website"},"datePublished":"2025-05-05T19:20:53+00:00","dateModified":"2025-08-01T11:38:19+00:00","breadcrumb":{"@id":"https:\/\/spainparadise.com\/pl\/por-que-espana\/#breadcrumb"},"inLanguage":"pl-PL","potentialAction":[{"@type":"ReadAction","target":["https:\/\/spainparadise.com\/pl\/por-que-espana\/"]}]},{"@type":"BreadcrumbList","@id":"https:\/\/spainparadise.com\/pl\/por-que-espana\/#breadcrumb","itemListElement":[{"@type":"ListItem","position":1,"name":"Portada","item":"https:\/\/spainparadise.com\/pl\/inicio\/"},{"@type":"ListItem","position":2,"name":"Dlaczego Hiszpania"}]},{"@type":"WebSite","@id":"https:\/\/spainparadise.com\/pl\/#website","url":"https:\/\/spainparadise.com\/pl\/","name":"Spain Paradise - Reasons to Buy a House and Live in Spain","description":"Reasons to Buy a House and Live in Spain","publisher":{"@id":"https:\/\/spainparadise.com\/pl\/#organization"},"alternateName":"Spain Paradise - Reasons to Buy a House and Live in Spain","potentialAction":[{"@type":"SearchAction","target":{"@type":"EntryPoint","urlTemplate":"https:\/\/spainparadise.com\/pl\/?s={search_term_string}"},"query-input":{"@type":"PropertyValueSpecification","valueRequired":true,"valueName":"search_term_string"}}],"inLanguage":"pl-PL"},{"@type":"Organization","@id":"https:\/\/spainparadise.com\/pl\/#organization","name":"Spain Paradise - Reasons to Buy a House and Live in Spain","url":"https:\/\/spainparadise.com\/pl\/","logo":{"@type":"ImageObject","inLanguage":"pl-PL","@id":"https:\/\/spainparadise.com\/pl\/#\/schema\/logo\/image\/","url":"https:\/\/spainparadise.com\/wp-content\/uploads\/2025\/04\/cropped-Logo_PNG_Sombra.png","contentUrl":"https:\/\/spainparadise.com\/wp-content\/uploads\/2025\/04\/cropped-Logo_PNG_Sombra.png","width":512,"height":512,"caption":"Spain Paradise - Reasons to Buy a House and Live in Spain"},"image":{"@id":"https:\/\/spainparadise.com\/pl\/#\/schema\/logo\/image\/"}}]}},"_links":{"self":[{"href":"https:\/\/spainparadise.com\/pl\/wp-json\/wp\/v2\/pages\/668","targetHints":{"allow":["GET"]}}],"collection":[{"href":"https:\/\/spainparadise.com\/pl\/wp-json\/wp\/v2\/pages"}],"about":[{"href":"https:\/\/spainparadise.com\/pl\/wp-json\/wp\/v2\/types\/page"}],"author":[{"embeddable":true,"href":"https:\/\/spainparadise.com\/pl\/wp-json\/wp\/v2\/users\/1"}],"replies":[{"embeddable":true,"href":"https:\/\/spainparadise.com\/pl\/wp-json\/wp\/v2\/comments?post=668"}],"version-history":[{"count":2,"href":"https:\/\/spainparadise.com\/pl\/wp-json\/wp\/v2\/pages\/668\/revisions"}],"predecessor-version":[{"id":1957,"href":"https:\/\/spainparadise.com\/pl\/wp-json\/wp\/v2\/pages\/668\/revisions\/1957"}],"wp:attachment":[{"href":"https:\/\/spainparadise.com\/pl\/wp-json\/wp\/v2\/media?parent=668"}],"curies":[{"name":"wp","href":"https:\/\/api.w.org\/{rel}","templated":true}]}}