{"id":672,"date":"2025-05-05T21:20:30","date_gmt":"2025-05-05T19:20:30","guid":{"rendered":"https:\/\/spainparadise.com\/viviendas\/"},"modified":"2025-08-01T15:04:19","modified_gmt":"2025-08-01T13:04:19","slug":"viviendas","status":"publish","type":"page","link":"https:\/\/spainparadise.com\/pl\/viviendas\/","title":{"rendered":"Budownictwo mieszkaniowe"},"content":{"rendered":"\t\t<div data-elementor-type=\"wp-page\" data-elementor-id=\"672\" class=\"elementor elementor-672 elementor-30\" data-elementor-post-type=\"page\">\n\t\t\t\t<div class=\"elementor-element elementor-element-40b698d e-flex e-con-boxed e-con e-parent\" data-id=\"40b698d\" data-element_type=\"container\" data-e-type=\"container\" data-settings=\"{&quot;background_background&quot;:&quot;classic&quot;}\">\n\t\t\t\t\t<div class=\"e-con-inner\">\n\t\t\t\t<div class=\"elementor-element elementor-element-e8078c4 elementor-widget elementor-widget-heading\" data-id=\"e8078c4\" data-element_type=\"widget\" data-e-type=\"widget\" data-widget_type=\"heading.default\">\n\t\t\t\t\t<h1 class=\"elementor-heading-title elementor-size-default\">BUDOWNICTWO MIESZKANIOWE<\/h1>\t\t\t\t<\/div>\n\t\t\t\t<div class=\"elementor-element elementor-element-9bca3e6 elementor-widget elementor-widget-heading\" data-id=\"9bca3e6\" data-element_type=\"widget\" data-e-type=\"widget\" data-widget_type=\"heading.default\">\n\t\t\t\t\t<span class=\"elementor-heading-title elementor-size-default\">VIVE HISZPANIA, \u017bYWY RAJ<\/span>\t\t\t\t<\/div>\n\t\t\t\t\t<\/div>\n\t\t\t\t<\/div>\n\t\t<div class=\"elementor-element elementor-element-bc2bb89 e-flex e-con-boxed e-con e-parent\" data-id=\"bc2bb89\" data-element_type=\"container\" data-e-type=\"container\" data-settings=\"{&quot;background_background&quot;:&quot;classic&quot;}\">\n\t\t\t\t\t<div class=\"e-con-inner\">\n\t\t\t\t<div class=\"elementor-element elementor-element-789f6b5 elementor-widget elementor-widget-heading\" data-id=\"789f6b5\" data-element_type=\"widget\" data-e-type=\"widget\" data-widget_type=\"heading.default\">\n\t\t\t\t\t<h2 class=\"elementor-heading-title elementor-size-default\">RODZAJE MIESZKA\u0143<\/h2>\t\t\t\t<\/div>\n\t\t\t\t<div class=\"elementor-element elementor-element-b99a12f elementor-widget elementor-widget-text-editor\" data-id=\"b99a12f\" data-element_type=\"widget\" data-e-type=\"widget\" data-widget_type=\"text-editor.default\">\n\t\t\t\t\t\t\t\t\t<p>Odkryj wszystkie opcje: od nowoczesnych apartament\u00f3w nad morzem po urocze wille lub wiejskie domy pe\u0142ne charakteru.<\/p>\t\t\t\t\t\t\t\t<\/div>\n\t\t\t\t\t<\/div>\n\t\t\t\t<\/div>\n\t\t<div class=\"elementor-element elementor-element-0152a1d e-con-full e-flex e-con e-parent\" data-id=\"0152a1d\" data-element_type=\"container\" data-e-type=\"container\" data-settings=\"{&quot;background_background&quot;:&quot;classic&quot;}\">\n\t\t<div class=\"elementor-element elementor-element-7ae31a6 e-con-full e-flex e-con e-child\" data-id=\"7ae31a6\" data-element_type=\"container\" data-e-type=\"container\" data-settings=\"{&quot;background_background&quot;:&quot;classic&quot;}\">\n\t\t\t\t<div class=\"elementor-element elementor-element-22136cb elementor-widget elementor-widget-heading\" data-id=\"22136cb\" data-element_type=\"widget\" data-e-type=\"widget\" data-widget_type=\"heading.default\">\n\t\t\t\t\t<h2 class=\"elementor-heading-title elementor-size-default\">Domy<\/h2>\t\t\t\t<\/div>\n\t\t\t\t<div class=\"elementor-element elementor-element-3e5d7ac elementor-widget elementor-widget-button\" data-id=\"3e5d7ac\" data-element_type=\"widget\" data-e-type=\"widget\" data-widget_type=\"button.default\">\n\t\t\t\t\t\t\t\t\t\t<a class=\"elementor-button elementor-button-link elementor-size-sm\" href=\"https:\/\/silcestates.com\/es\/casa-adosada\/\">\n\t\t\t\t\t\t<span class=\"elementor-button-content-wrapper\">\n\t\t\t\t\t\t\t\t\t<span class=\"elementor-button-text\">ZOBACZ WI\u0118CEJ<\/span>\n\t\t\t\t\t<\/span>\n\t\t\t\t\t<\/a>\n\t\t\t\t\t\t\t\t<\/div>\n\t\t\t\t<\/div>\n\t\t<div class=\"elementor-element elementor-element-a6d8ce0 e-con-full e-flex e-con e-child\" data-id=\"a6d8ce0\" data-element_type=\"container\" data-e-type=\"container\" data-settings=\"{&quot;background_background&quot;:&quot;classic&quot;}\">\n\t\t\t\t<div class=\"elementor-element elementor-element-bd0fb55 elementor-widget elementor-widget-heading\" data-id=\"bd0fb55\" data-element_type=\"widget\" data-e-type=\"widget\" data-widget_type=\"heading.default\">\n\t\t\t\t\t<h2 class=\"elementor-heading-title elementor-size-default\">Apartamenty<\/h2>\t\t\t\t<\/div>\n\t\t\t\t<div class=\"elementor-element elementor-element-577c4dd elementor-widget elementor-widget-button\" data-id=\"577c4dd\" data-element_type=\"widget\" data-e-type=\"widget\" data-widget_type=\"button.default\">\n\t\t\t\t\t\t\t\t\t\t<a class=\"elementor-button elementor-button-link elementor-size-sm\" href=\"https:\/\/silcestates.com\/es\/apartamento\/\">\n\t\t\t\t\t\t<span class=\"elementor-button-content-wrapper\">\n\t\t\t\t\t\t\t\t\t<span class=\"elementor-button-text\">ZOBACZ WI\u0118CEJ<\/span>\n\t\t\t\t\t<\/span>\n\t\t\t\t\t<\/a>\n\t\t\t\t\t\t\t\t<\/div>\n\t\t\t\t<\/div>\n\t\t<div class=\"elementor-element elementor-element-1f1a280 e-con-full e-flex e-con e-child\" data-id=\"1f1a280\" data-element_type=\"container\" data-e-type=\"container\" data-settings=\"{&quot;background_background&quot;:&quot;classic&quot;}\">\n\t\t\t\t<div class=\"elementor-element elementor-element-78e04cb elementor-widget elementor-widget-heading\" data-id=\"78e04cb\" data-element_type=\"widget\" data-e-type=\"widget\" data-widget_type=\"heading.default\">\n\t\t\t\t\t<h2 class=\"elementor-heading-title elementor-size-default\">Villas<\/h2>\t\t\t\t<\/div>\n\t\t\t\t<div class=\"elementor-element elementor-element-9f7775f elementor-widget elementor-widget-button\" data-id=\"9f7775f\" data-element_type=\"widget\" data-e-type=\"widget\" data-widget_type=\"button.default\">\n\t\t\t\t\t\t\t\t\t\t<a class=\"elementor-button elementor-button-link elementor-size-sm\" href=\"https:\/\/silcestates.com\/es\/chalet-pareado\/\">\n\t\t\t\t\t\t<span class=\"elementor-button-content-wrapper\">\n\t\t\t\t\t\t\t\t\t<span class=\"elementor-button-text\">ZOBACZ WI\u0118CEJ<\/span>\n\t\t\t\t\t<\/span>\n\t\t\t\t\t<\/a>\n\t\t\t\t\t\t\t\t<\/div>\n\t\t\t\t<\/div>\n\t\t<div class=\"elementor-element elementor-element-1790e3e e-con-full e-flex e-con e-child\" data-id=\"1790e3e\" data-element_type=\"container\" data-e-type=\"container\" data-settings=\"{&quot;background_background&quot;:&quot;classic&quot;}\">\n\t\t\t\t<div class=\"elementor-element elementor-element-928e9c3 elementor-widget elementor-widget-heading\" data-id=\"928e9c3\" data-element_type=\"widget\" data-e-type=\"widget\" data-widget_type=\"heading.default\">\n\t\t\t\t\t<h2 class=\"elementor-heading-title elementor-size-default\">Villas<\/h2>\t\t\t\t<\/div>\n\t\t\t\t<div class=\"elementor-element elementor-element-9b0d163 elementor-widget elementor-widget-button\" data-id=\"9b0d163\" data-element_type=\"widget\" data-e-type=\"widget\" data-widget_type=\"button.default\">\n\t\t\t\t\t\t\t\t\t\t<a class=\"elementor-button elementor-button-link elementor-size-sm\" href=\"https:\/\/silcestates.com\/es\/villa\/\">\n\t\t\t\t\t\t<span class=\"elementor-button-content-wrapper\">\n\t\t\t\t\t\t\t\t\t<span class=\"elementor-button-text\">ZOBACZ WI\u0118CEJ<\/span>\n\t\t\t\t\t<\/span>\n\t\t\t\t\t<\/a>\n\t\t\t\t\t\t\t\t<\/div>\n\t\t\t\t<\/div>\n\t\t\t\t<\/div>\n\t\t<div class=\"elementor-element elementor-element-b02cb97 e-flex e-con-boxed e-con e-parent\" data-id=\"b02cb97\" data-element_type=\"container\" data-e-type=\"container\">\n\t\t\t\t\t<div class=\"e-con-inner\">\n\t\t\t\t<div class=\"elementor-element elementor-element-b789af6 elementor-widget elementor-widget-heading\" data-id=\"b789af6\" data-element_type=\"widget\" data-e-type=\"widget\" data-widget_type=\"heading.default\">\n\t\t\t\t\t<h2 class=\"elementor-heading-title elementor-size-default\">NASZE WY\u0141\u0104CZNO\u015a\u0106<\/h2>\t\t\t\t<\/div>\n\t\t\t\t<div class=\"elementor-element elementor-element-cf44a19 elementor-widget elementor-widget-text-editor\" data-id=\"cf44a19\" data-element_type=\"widget\" data-e-type=\"widget\" data-widget_type=\"text-editor.default\">\n\t\t\t\t\t\t\t\t\t<p>Nieruchomo\u015bci dobrane ze szczeg\u00f3ln\u0105 staranno\u015bci\u0105, niepowtarzalne pod wzgl\u0119dem lokalizacji, designu czy potencja\u0142u. Dost\u0119pne tylko z SILC ESTATES. <\/p>\t\t\t\t\t\t\t\t<\/div>\n\t\t\t\t\t<\/div>\n\t\t\t\t<\/div>\n\t\t<div class=\"elementor-element elementor-element-0642694 e-con-full e-flex e-con e-parent\" data-id=\"0642694\" data-element_type=\"container\" data-e-type=\"container\">\n\t\t<div class=\"elementor-element elementor-element-1e0081e e-con-full e-flex e-con e-child\" data-id=\"1e0081e\" data-element_type=\"container\" data-e-type=\"container\" data-settings=\"{&quot;background_background&quot;:&quot;classic&quot;}\">\n\t\t\t\t<div class=\"elementor-element elementor-element-4dcc043 elementor-widget elementor-widget-heading\" data-id=\"4dcc043\" data-element_type=\"widget\" data-e-type=\"widget\" data-widget_type=\"heading.default\">\n\t\t\t\t\t<h2 class=\"elementor-heading-title elementor-size-default\">Wy\u0142\u0105czny<\/h2>\t\t\t\t<\/div>\n\t\t\t\t<div class=\"elementor-element elementor-element-b36913c elementor-align-center elementor-widget elementor-widget-button\" data-id=\"b36913c\" data-element_type=\"widget\" data-e-type=\"widget\" data-widget_type=\"button.default\">\n\t\t\t\t\t\t\t\t\t\t<a class=\"elementor-button elementor-button-link elementor-size-sm\" href=\"https:\/\/silcestates.com\/exclusive-properties\/\">\n\t\t\t\t\t\t<span class=\"elementor-button-content-wrapper\">\n\t\t\t\t\t\t\t\t\t<span class=\"elementor-button-text\">ZOBACZ WI\u0118CEJ<\/span>\n\t\t\t\t\t<\/span>\n\t\t\t\t\t<\/a>\n\t\t\t\t\t\t\t\t<\/div>\n\t\t\t\t<\/div>\n\t\t\t\t<\/div>\n\t\t\t\t<\/div>\n\t\t","protected":false},"excerpt":{"rendered":"<p>BUDOWNICTWO MIESZKANIOWE VIVE HISZPANIA, \u017bYWY RAJ RODZAJE MIESZKA\u0143 Odkryj wszystkie opcje: od nowoczesnych apartament\u00f3w nad morzem po urocze wille lub wiejskie domy pe\u0142ne charakteru. Domy ZOBACZ WI\u0118CEJ Apartamenty ZOBACZ WI\u0118CEJ Villas ZOBACZ WI\u0118CEJ Villas ZOBACZ WI\u0118CEJ NASZE WY\u0141\u0104CZNO\u015a\u0106 Nieruchomo\u015bci dobrane ze szczeg\u00f3ln\u0105 staranno\u015bci\u0105, niepowtarzalne pod wzgl\u0119dem lokalizacji, designu czy potencja\u0142u. Dost\u0119pne tylko z SILC ESTATES. [&hellip;]<\/p>\n","protected":false},"author":1,"featured_media":0,"parent":0,"menu_order":0,"comment_status":"closed","ping_status":"closed","template":"","meta":{"_acf_changed":false,"_joinchat":[],"footnotes":""},"class_list":["post-672","page","type-page","status-publish","hentry"],"acf":[],"yoast_head":"<!-- This site is optimized with the Yoast SEO plugin v26.9 - https:\/\/yoast.com\/product\/yoast-seo-wordpress\/ -->\n<title>Budownictwo mieszkaniowe | Spain Paradise - Reasons to Buy a House and Live in Spain<\/title>\n<meta name=\"robots\" content=\"index, follow, max-snippet:-1, max-image-preview:large, max-video-preview:-1\" \/>\n<link rel=\"canonical\" href=\"https:\/\/spainparadise.com\/pl\/viviendas\/\" \/>\n<meta property=\"og:locale\" content=\"pl_PL\" \/>\n<meta property=\"og:type\" content=\"article\" \/>\n<meta property=\"og:title\" content=\"Budownictwo mieszkaniowe | Spain Paradise - Reasons to Buy a House and Live in Spain\" \/>\n<meta property=\"og:description\" content=\"BUDOWNICTWO MIESZKANIOWE VIVE HISZPANIA, \u017bYWY RAJ RODZAJE MIESZKA\u0143 Odkryj wszystkie opcje: od nowoczesnych apartament\u00f3w nad morzem po urocze wille lub wiejskie domy pe\u0142ne charakteru. Domy ZOBACZ WI\u0118CEJ Apartamenty ZOBACZ WI\u0118CEJ Villas ZOBACZ WI\u0118CEJ Villas ZOBACZ WI\u0118CEJ NASZE WY\u0141\u0104CZNO\u015a\u0106 Nieruchomo\u015bci dobrane ze szczeg\u00f3ln\u0105 staranno\u015bci\u0105, niepowtarzalne pod wzgl\u0119dem lokalizacji, designu czy potencja\u0142u. Dost\u0119pne tylko z SILC ESTATES. [&hellip;]\" \/>\n<meta property=\"og:url\" content=\"https:\/\/spainparadise.com\/pl\/viviendas\/\" \/>\n<meta property=\"og:site_name\" content=\"Spain Paradise - Reasons to Buy a House and Live in Spain\" \/>\n<meta property=\"article:modified_time\" content=\"2025-08-01T13:04:19+00:00\" \/>\n<meta property=\"og:image\" content=\"https:\/\/spainparadise.com\/wp-content\/uploads\/2025\/04\/Logo_PNG_Sombra.png\" \/>\n\t<meta property=\"og:image:width\" content=\"784\" \/>\n\t<meta property=\"og:image:height\" content=\"324\" \/>\n\t<meta property=\"og:image:type\" content=\"image\/png\" \/>\n<meta name=\"twitter:card\" content=\"summary_large_image\" \/>\n<meta name=\"twitter:label1\" content=\"Szacowany czas czytania\" \/>\n\t<meta name=\"twitter:data1\" content=\"1 minuta\" \/>\n<script type=\"application\/ld+json\" class=\"yoast-schema-graph\">{\"@context\":\"https:\/\/schema.org\",\"@graph\":[{\"@type\":\"WebPage\",\"@id\":\"https:\/\/spainparadise.com\/pl\/viviendas\/\",\"url\":\"https:\/\/spainparadise.com\/pl\/viviendas\/\",\"name\":\"Budownictwo mieszkaniowe | Spain Paradise - Reasons to Buy a House and Live in Spain\",\"isPartOf\":{\"@id\":\"https:\/\/spainparadise.com\/pl\/#website\"},\"datePublished\":\"2025-05-05T19:20:30+00:00\",\"dateModified\":\"2025-08-01T13:04:19+00:00\",\"breadcrumb\":{\"@id\":\"https:\/\/spainparadise.com\/pl\/viviendas\/#breadcrumb\"},\"inLanguage\":\"pl-PL\",\"potentialAction\":[{\"@type\":\"ReadAction\",\"target\":[\"https:\/\/spainparadise.com\/pl\/viviendas\/\"]}]},{\"@type\":\"BreadcrumbList\",\"@id\":\"https:\/\/spainparadise.com\/pl\/viviendas\/#breadcrumb\",\"itemListElement\":[{\"@type\":\"ListItem\",\"position\":1,\"name\":\"Portada\",\"item\":\"https:\/\/spainparadise.com\/pl\/inicio\/\"},{\"@type\":\"ListItem\",\"position\":2,\"name\":\"Budownictwo mieszkaniowe\"}]},{\"@type\":\"WebSite\",\"@id\":\"https:\/\/spainparadise.com\/pl\/#website\",\"url\":\"https:\/\/spainparadise.com\/pl\/\",\"name\":\"Spain Paradise - Reasons to Buy a House and Live in Spain\",\"description\":\"Reasons to Buy a House and Live in Spain\",\"publisher\":{\"@id\":\"https:\/\/spainparadise.com\/pl\/#organization\"},\"alternateName\":\"Spain Paradise - Reasons to Buy a House and Live in Spain\",\"potentialAction\":[{\"@type\":\"SearchAction\",\"target\":{\"@type\":\"EntryPoint\",\"urlTemplate\":\"https:\/\/spainparadise.com\/pl\/?s={search_term_string}\"},\"query-input\":{\"@type\":\"PropertyValueSpecification\",\"valueRequired\":true,\"valueName\":\"search_term_string\"}}],\"inLanguage\":\"pl-PL\"},{\"@type\":\"Organization\",\"@id\":\"https:\/\/spainparadise.com\/pl\/#organization\",\"name\":\"Spain Paradise - Reasons to Buy a House and Live in Spain\",\"url\":\"https:\/\/spainparadise.com\/pl\/\",\"logo\":{\"@type\":\"ImageObject\",\"inLanguage\":\"pl-PL\",\"@id\":\"https:\/\/spainparadise.com\/pl\/#\/schema\/logo\/image\/\",\"url\":\"https:\/\/spainparadise.com\/wp-content\/uploads\/2025\/04\/cropped-Logo_PNG_Sombra.png\",\"contentUrl\":\"https:\/\/spainparadise.com\/wp-content\/uploads\/2025\/04\/cropped-Logo_PNG_Sombra.png\",\"width\":512,\"height\":512,\"caption\":\"Spain Paradise - Reasons to Buy a House and Live in Spain\"},\"image\":{\"@id\":\"https:\/\/spainparadise.com\/pl\/#\/schema\/logo\/image\/\"}}]}<\/script>\n<!-- \/ Yoast SEO plugin. -->","yoast_head_json":{"title":"Budownictwo mieszkaniowe | Spain Paradise - Reasons to Buy a House and Live in Spain","robots":{"index":"index","follow":"follow","max-snippet":"max-snippet:-1","max-image-preview":"max-image-preview:large","max-video-preview":"max-video-preview:-1"},"canonical":"https:\/\/spainparadise.com\/pl\/viviendas\/","og_locale":"pl_PL","og_type":"article","og_title":"Budownictwo mieszkaniowe | Spain Paradise - Reasons to Buy a House and Live in Spain","og_description":"BUDOWNICTWO MIESZKANIOWE VIVE HISZPANIA, \u017bYWY RAJ RODZAJE MIESZKA\u0143 Odkryj wszystkie opcje: od nowoczesnych apartament\u00f3w nad morzem po urocze wille lub wiejskie domy pe\u0142ne charakteru. Domy ZOBACZ WI\u0118CEJ Apartamenty ZOBACZ WI\u0118CEJ Villas ZOBACZ WI\u0118CEJ Villas ZOBACZ WI\u0118CEJ NASZE WY\u0141\u0104CZNO\u015a\u0106 Nieruchomo\u015bci dobrane ze szczeg\u00f3ln\u0105 staranno\u015bci\u0105, niepowtarzalne pod wzgl\u0119dem lokalizacji, designu czy potencja\u0142u. Dost\u0119pne tylko z SILC ESTATES. [&hellip;]","og_url":"https:\/\/spainparadise.com\/pl\/viviendas\/","og_site_name":"Spain Paradise - Reasons to Buy a House and Live in Spain","article_modified_time":"2025-08-01T13:04:19+00:00","og_image":[{"width":784,"height":324,"url":"https:\/\/spainparadise.com\/wp-content\/uploads\/2025\/04\/Logo_PNG_Sombra.png","type":"image\/png"}],"twitter_card":"summary_large_image","twitter_misc":{"Szacowany czas czytania":"1 minuta"},"schema":{"@context":"https:\/\/schema.org","@graph":[{"@type":"WebPage","@id":"https:\/\/spainparadise.com\/pl\/viviendas\/","url":"https:\/\/spainparadise.com\/pl\/viviendas\/","name":"Budownictwo mieszkaniowe | Spain Paradise - Reasons to Buy a House and Live in Spain","isPartOf":{"@id":"https:\/\/spainparadise.com\/pl\/#website"},"datePublished":"2025-05-05T19:20:30+00:00","dateModified":"2025-08-01T13:04:19+00:00","breadcrumb":{"@id":"https:\/\/spainparadise.com\/pl\/viviendas\/#breadcrumb"},"inLanguage":"pl-PL","potentialAction":[{"@type":"ReadAction","target":["https:\/\/spainparadise.com\/pl\/viviendas\/"]}]},{"@type":"BreadcrumbList","@id":"https:\/\/spainparadise.com\/pl\/viviendas\/#breadcrumb","itemListElement":[{"@type":"ListItem","position":1,"name":"Portada","item":"https:\/\/spainparadise.com\/pl\/inicio\/"},{"@type":"ListItem","position":2,"name":"Budownictwo mieszkaniowe"}]},{"@type":"WebSite","@id":"https:\/\/spainparadise.com\/pl\/#website","url":"https:\/\/spainparadise.com\/pl\/","name":"Spain Paradise - Reasons to Buy a House and Live in Spain","description":"Reasons to Buy a House and Live in Spain","publisher":{"@id":"https:\/\/spainparadise.com\/pl\/#organization"},"alternateName":"Spain Paradise - Reasons to Buy a House and Live in Spain","potentialAction":[{"@type":"SearchAction","target":{"@type":"EntryPoint","urlTemplate":"https:\/\/spainparadise.com\/pl\/?s={search_term_string}"},"query-input":{"@type":"PropertyValueSpecification","valueRequired":true,"valueName":"search_term_string"}}],"inLanguage":"pl-PL"},{"@type":"Organization","@id":"https:\/\/spainparadise.com\/pl\/#organization","name":"Spain Paradise - Reasons to Buy a House and Live in Spain","url":"https:\/\/spainparadise.com\/pl\/","logo":{"@type":"ImageObject","inLanguage":"pl-PL","@id":"https:\/\/spainparadise.com\/pl\/#\/schema\/logo\/image\/","url":"https:\/\/spainparadise.com\/wp-content\/uploads\/2025\/04\/cropped-Logo_PNG_Sombra.png","contentUrl":"https:\/\/spainparadise.com\/wp-content\/uploads\/2025\/04\/cropped-Logo_PNG_Sombra.png","width":512,"height":512,"caption":"Spain Paradise - Reasons to Buy a House and Live in Spain"},"image":{"@id":"https:\/\/spainparadise.com\/pl\/#\/schema\/logo\/image\/"}}]}},"_links":{"self":[{"href":"https:\/\/spainparadise.com\/pl\/wp-json\/wp\/v2\/pages\/672","targetHints":{"allow":["GET"]}}],"collection":[{"href":"https:\/\/spainparadise.com\/pl\/wp-json\/wp\/v2\/pages"}],"about":[{"href":"https:\/\/spainparadise.com\/pl\/wp-json\/wp\/v2\/types\/page"}],"author":[{"embeddable":true,"href":"https:\/\/spainparadise.com\/pl\/wp-json\/wp\/v2\/users\/1"}],"replies":[{"embeddable":true,"href":"https:\/\/spainparadise.com\/pl\/wp-json\/wp\/v2\/comments?post=672"}],"version-history":[{"count":5,"href":"https:\/\/spainparadise.com\/pl\/wp-json\/wp\/v2\/pages\/672\/revisions"}],"predecessor-version":[{"id":2039,"href":"https:\/\/spainparadise.com\/pl\/wp-json\/wp\/v2\/pages\/672\/revisions\/2039"}],"wp:attachment":[{"href":"https:\/\/spainparadise.com\/pl\/wp-json\/wp\/v2\/media?parent=672"}],"curies":[{"name":"wp","href":"https:\/\/api.w.org\/{rel}","templated":true}]}}