{"id":688,"date":"2025-05-05T21:18:18","date_gmt":"2025-05-05T19:18:18","guid":{"rendered":"https:\/\/spainparadise.com\/quienes-somos\/"},"modified":"2025-08-01T13:34:13","modified_gmt":"2025-08-01T11:34:13","slug":"quienes-somos","status":"publish","type":"page","link":"https:\/\/spainparadise.com\/pl\/quienes-somos\/","title":{"rendered":"Kim jeste\u015bmy"},"content":{"rendered":"\t\t<div data-elementor-type=\"wp-page\" data-elementor-id=\"688\" class=\"elementor elementor-688 elementor-22\" data-elementor-post-type=\"page\">\n\t\t\t\t<div class=\"elementor-element elementor-element-8068cce e-flex e-con-boxed e-con e-parent\" data-id=\"8068cce\" data-element_type=\"container\" data-e-type=\"container\" data-settings=\"{&quot;background_background&quot;:&quot;classic&quot;}\">\n\t\t\t\t\t<div class=\"e-con-inner\">\n\t\t\t\t<div class=\"elementor-element elementor-element-b97867a elementor-widget elementor-widget-heading\" data-id=\"b97867a\" data-element_type=\"widget\" data-e-type=\"widget\" data-widget_type=\"heading.default\">\n\t\t\t\t\t<h1 class=\"elementor-heading-title elementor-size-default\">KIM JESTE\u015aMY<\/h1>\t\t\t\t<\/div>\n\t\t\t\t<div class=\"elementor-element elementor-element-6591b8b elementor-widget elementor-widget-heading\" data-id=\"6591b8b\" data-element_type=\"widget\" data-e-type=\"widget\" data-widget_type=\"heading.default\">\n\t\t\t\t\t<span class=\"elementor-heading-title elementor-size-default\">VIVE HISZPANIA, \u017bYWY RAJ<\/span>\t\t\t\t<\/div>\n\t\t\t\t\t<\/div>\n\t\t\t\t<\/div>\n\t\t<div class=\"elementor-element elementor-element-0b30b34 e-con-full e-flex e-con e-parent\" data-id=\"0b30b34\" data-element_type=\"container\" data-e-type=\"container\">\n\t\t<div class=\"elementor-element elementor-element-fca5567 e-con-full e-flex e-con e-child\" data-id=\"fca5567\" data-element_type=\"container\" data-e-type=\"container\" data-settings=\"{&quot;background_background&quot;:&quot;classic&quot;}\">\n\t\t\t\t<div class=\"elementor-element elementor-element-d2451c4 elementor-widget elementor-widget-heading\" data-id=\"d2451c4\" data-element_type=\"widget\" data-e-type=\"widget\" data-widget_type=\"heading.default\">\n\t\t\t\t\t<h2 class=\"elementor-heading-title elementor-size-default\">Kim jeste\u015bmy<\/h2>\t\t\t\t<\/div>\n\t\t\t\t<div class=\"elementor-element elementor-element-526600f elementor-widget elementor-widget-text-editor\" data-id=\"526600f\" data-element_type=\"widget\" data-e-type=\"widget\" data-widget_type=\"text-editor.default\">\n\t\t\t\t\t\t\t\t\t<p>SILC ESTATES powsta\u0142o w 2019 roku, aby sta\u0107 si\u0119 punktem odniesienia na mi\u0119dzynarodowym rynku nieruchomo\u015bci w Hiszpanii.<\/p><p>Nasze 4 g\u0142\u00f3wne ga\u0142\u0119zie dzia\u0142alno\u015bci to:<\/p><ul><li>Ekskluzywna sprzeda\u017c nowo wybudowanych kompleks\u00f3w mieszkaniowych na Costa Blanca i Costa C\u00e1lida<\/li><li>Sprzeda\u017c 1. i 2. nowo wybudowanych rezydencji od g\u0142\u00f3wnych deweloper\u00f3w w Hiszpanii<\/li><li>Sprzeda\u017c ekskluzywnych dom\u00f3w z drugiej r\u0119ki<\/li><li>Sprzeda\u017c produkt\u00f3w inwestycyjnych, dzia\u0142ek, hoteli, budynk\u00f3w przemys\u0142owych itp. zar\u00f3wno w Hiszpanii, jak i w Europie<\/li><\/ul><p> <\/p><p>Naszym klientom zapewniamy obs\u0142ug\u0119 360\u00ba, obejmuj\u0105c\u0105 dekoracj\u0119, meble, porady prawne, kompleksow\u0105 pomoc i obs\u0142ug\u0119 posprzeda\u017cow\u0105.<\/p>\t\t\t\t\t\t\t\t<\/div>\n\t\t\t\t<\/div>\n\t\t<div class=\"elementor-element elementor-element-a6912e4 e-con-full e-flex e-con e-child\" data-id=\"a6912e4\" data-element_type=\"container\" data-e-type=\"container\" data-settings=\"{&quot;background_background&quot;:&quot;classic&quot;}\">\n\t\t\t\t<\/div>\n\t\t\t\t<\/div>\n\t\t<div class=\"elementor-element elementor-element-315bbf0 e-flex e-con-boxed e-con e-parent\" data-id=\"315bbf0\" data-element_type=\"container\" data-e-type=\"container\">\n\t\t\t\t\t<div class=\"e-con-inner\">\n\t\t\t\t<div class=\"elementor-element elementor-element-375d1a2 elementor-widget elementor-widget-heading\" data-id=\"375d1a2\" data-element_type=\"widget\" data-e-type=\"widget\" data-widget_type=\"heading.default\">\n\t\t\t\t\t<h2 class=\"elementor-heading-title elementor-size-default\">NASZE WARTO\u015aCI<\/h2>\t\t\t\t<\/div>\n\t\t\t\t<div class=\"elementor-element elementor-element-640c992 elementor-widget elementor-widget-text-editor\" data-id=\"640c992\" data-element_type=\"widget\" data-e-type=\"widget\" data-widget_type=\"text-editor.default\">\n\t\t\t\t\t\t\t\t\t<p class=\"ds-markdown-paragraph\"><strong>Jeste\u015bmy SILC ESTATES, firm\u0105 zajmuj\u0105c\u0105 si\u0119 nieruchomo\u015bciami, kt\u00f3ra nie martwi si\u0119 tylko o sprzeda\u017c. Dowiedz si\u0119, dlaczego warto kupi\u0107 dom w Hiszpanii.   <\/strong><\/p><ul><li><p class=\"ds-markdown-paragraph\"><strong>Profesjonalizm:<\/strong> Pracujemy z dyscyplin\u0105, do\u015bwiadczeniem i dba\u0142o\u015bci\u0105 o szczeg\u00f3\u0142y, aby zaoferowa\u0107 Ci najlepsz\u0105 obs\u0142ug\u0119.<\/p><\/li><li><p class=\"ds-markdown-paragraph\"><strong>Blisko\u015b\u0107:<\/strong> Jeste\u015bmy po Twojej stronie, oferuj\u0105c spersonalizowane i dost\u0119pne leczenie na ka\u017cdym etapie procesu.<\/p><\/li><li><p class=\"ds-markdown-paragraph\"><strong>Ludzko\u015b\u0107:<\/strong> Rozumiemy, \u017ce kupno domu to emocjonalne marzenie i towarzyszymy Ci z empati\u0105 i ciep\u0142em.<\/p><\/li><li><p class=\"ds-markdown-paragraph\"><strong>Uczciwo\u015b\u0107:<\/strong> Przejrzysto\u015b\u0107 i zaufanie s\u0105 podstaw\u0105 naszych relacji z Pa\u0144stwem.<\/p><\/li><li><p class=\"ds-markdown-paragraph\"><strong>Rozwi\u0105zanie &#8222;pod klucz&#8221;:<\/strong> Upraszczamy wszystko, aby Twoje do\u015bwiadczenie by\u0142o \u0142atwe, bezpieczne i bezproblemowe.<\/p><\/li><li><p class=\"ds-markdown-paragraph\"><strong>Umiemy s\u0142ucha\u0107:<\/strong> Twoje potrzeby s\u0105 dla nas priorytetem, a nasze rozwi\u0105zania dostosowujemy do tego, czego naprawd\u0119 szukasz.<\/p><\/li><\/ul><p class=\"ds-markdown-paragraph\">Znamy Hiszpani\u0119 jak nikt inny i wiemy, \u017ce tutaj kupno domu jest spe\u0142nieniem marze\u0144.  <strong>Chcesz \u017cy\u0107 lepiej i zanurzy\u0107 si\u0119 w tym procesie?<\/strong>  Skontaktuj si\u0119 z naszymi ekspertami ju\u017c teraz, kt\u00f3rzy m\u00f3wi\u0105 w Twoim j\u0119zyku i poprowadz\u0105 Ci\u0119 z oddaniem. Tw\u00f3j idealny dom czeka! <\/p>\t\t\t\t\t\t\t\t<\/div>\n\t\t\t\t\t<\/div>\n\t\t\t\t<\/div>\n\t\t\t\t<\/div>\n\t\t","protected":false},"excerpt":{"rendered":"<p>KIM JESTE\u015aMY VIVE HISZPANIA, \u017bYWY RAJ Kim jeste\u015bmy SILC ESTATES powsta\u0142o w 2019 roku, aby sta\u0107 si\u0119 punktem odniesienia na mi\u0119dzynarodowym rynku nieruchomo\u015bci w Hiszpanii. Nasze 4 g\u0142\u00f3wne ga\u0142\u0119zie dzia\u0142alno\u015bci to: Ekskluzywna sprzeda\u017c nowo wybudowanych kompleks\u00f3w mieszkaniowych na Costa Blanca i Costa C\u00e1lida Sprzeda\u017c 1. i 2. nowo wybudowanych rezydencji od g\u0142\u00f3wnych deweloper\u00f3w w Hiszpanii [&hellip;]<\/p>\n","protected":false},"author":1,"featured_media":0,"parent":0,"menu_order":0,"comment_status":"closed","ping_status":"closed","template":"","meta":{"_acf_changed":false,"_joinchat":[],"footnotes":""},"class_list":["post-688","page","type-page","status-publish","hentry"],"acf":[],"yoast_head":"<!-- This site is optimized with the Yoast SEO plugin v26.9 - https:\/\/yoast.com\/product\/yoast-seo-wordpress\/ -->\n<title>Kim jeste\u015bmy | Spain Paradise - Reasons to Buy a House and Live in Spain<\/title>\n<meta name=\"description\" content=\"Spain Paradise powsta\u0142o, aby pom\u00f3c Ci zrozumie\u0107, dlaczego zakup domu w Hiszpanii mo\u017ce zmieni\u0107 Twoje \u017cycie. Nazywamy si\u0119 SILC ESTATES.\" \/>\n<meta name=\"robots\" content=\"index, follow, max-snippet:-1, max-image-preview:large, max-video-preview:-1\" \/>\n<link rel=\"canonical\" href=\"https:\/\/spainparadise.com\/pl\/quienes-somos\/\" \/>\n<meta property=\"og:locale\" content=\"pl_PL\" \/>\n<meta property=\"og:type\" content=\"article\" \/>\n<meta property=\"og:title\" content=\"Kim jeste\u015bmy | Spain Paradise - Reasons to Buy a House and Live in Spain\" \/>\n<meta property=\"og:description\" content=\"Spain Paradise powsta\u0142o, aby pom\u00f3c Ci zrozumie\u0107, dlaczego zakup domu w Hiszpanii mo\u017ce zmieni\u0107 Twoje \u017cycie. Nazywamy si\u0119 SILC ESTATES.\" \/>\n<meta property=\"og:url\" content=\"https:\/\/spainparadise.com\/pl\/quienes-somos\/\" \/>\n<meta property=\"og:site_name\" content=\"Spain Paradise - Reasons to Buy a House and Live in Spain\" \/>\n<meta property=\"article:modified_time\" content=\"2025-08-01T11:34:13+00:00\" \/>\n<meta property=\"og:image\" content=\"https:\/\/spainparadise.com\/wp-content\/uploads\/2025\/04\/Logo_PNG_Sombra.png\" \/>\n\t<meta property=\"og:image:width\" content=\"784\" \/>\n\t<meta property=\"og:image:height\" content=\"324\" \/>\n\t<meta property=\"og:image:type\" content=\"image\/png\" \/>\n<meta name=\"twitter:card\" content=\"summary_large_image\" \/>\n<meta name=\"twitter:label1\" content=\"Szacowany czas czytania\" \/>\n\t<meta name=\"twitter:data1\" content=\"2 minuta\" \/>\n<script type=\"application\/ld+json\" class=\"yoast-schema-graph\">{\"@context\":\"https:\/\/schema.org\",\"@graph\":[{\"@type\":\"WebPage\",\"@id\":\"https:\/\/spainparadise.com\/pl\/quienes-somos\/\",\"url\":\"https:\/\/spainparadise.com\/pl\/quienes-somos\/\",\"name\":\"Kim jeste\u015bmy | Spain Paradise - Reasons to Buy a House and Live in Spain\",\"isPartOf\":{\"@id\":\"https:\/\/spainparadise.com\/pl\/#website\"},\"datePublished\":\"2025-05-05T19:18:18+00:00\",\"dateModified\":\"2025-08-01T11:34:13+00:00\",\"description\":\"Spain Paradise powsta\u0142o, aby pom\u00f3c Ci zrozumie\u0107, dlaczego zakup domu w Hiszpanii mo\u017ce zmieni\u0107 Twoje \u017cycie. Nazywamy si\u0119 SILC ESTATES.\",\"breadcrumb\":{\"@id\":\"https:\/\/spainparadise.com\/pl\/quienes-somos\/#breadcrumb\"},\"inLanguage\":\"pl-PL\",\"potentialAction\":[{\"@type\":\"ReadAction\",\"target\":[\"https:\/\/spainparadise.com\/pl\/quienes-somos\/\"]}]},{\"@type\":\"BreadcrumbList\",\"@id\":\"https:\/\/spainparadise.com\/pl\/quienes-somos\/#breadcrumb\",\"itemListElement\":[{\"@type\":\"ListItem\",\"position\":1,\"name\":\"Portada\",\"item\":\"https:\/\/spainparadise.com\/pl\/inicio\/\"},{\"@type\":\"ListItem\",\"position\":2,\"name\":\"Kim jeste\u015bmy\"}]},{\"@type\":\"WebSite\",\"@id\":\"https:\/\/spainparadise.com\/pl\/#website\",\"url\":\"https:\/\/spainparadise.com\/pl\/\",\"name\":\"Spain Paradise - Reasons to Buy a House and Live in Spain\",\"description\":\"Reasons to Buy a House and Live in Spain\",\"publisher\":{\"@id\":\"https:\/\/spainparadise.com\/pl\/#organization\"},\"alternateName\":\"Spain Paradise - Reasons to Buy a House and Live in Spain\",\"potentialAction\":[{\"@type\":\"SearchAction\",\"target\":{\"@type\":\"EntryPoint\",\"urlTemplate\":\"https:\/\/spainparadise.com\/pl\/?s={search_term_string}\"},\"query-input\":{\"@type\":\"PropertyValueSpecification\",\"valueRequired\":true,\"valueName\":\"search_term_string\"}}],\"inLanguage\":\"pl-PL\"},{\"@type\":\"Organization\",\"@id\":\"https:\/\/spainparadise.com\/pl\/#organization\",\"name\":\"Spain Paradise - Reasons to Buy a House and Live in Spain\",\"url\":\"https:\/\/spainparadise.com\/pl\/\",\"logo\":{\"@type\":\"ImageObject\",\"inLanguage\":\"pl-PL\",\"@id\":\"https:\/\/spainparadise.com\/pl\/#\/schema\/logo\/image\/\",\"url\":\"https:\/\/spainparadise.com\/wp-content\/uploads\/2025\/04\/cropped-Logo_PNG_Sombra.png\",\"contentUrl\":\"https:\/\/spainparadise.com\/wp-content\/uploads\/2025\/04\/cropped-Logo_PNG_Sombra.png\",\"width\":512,\"height\":512,\"caption\":\"Spain Paradise - Reasons to Buy a House and Live in Spain\"},\"image\":{\"@id\":\"https:\/\/spainparadise.com\/pl\/#\/schema\/logo\/image\/\"}}]}<\/script>\n<!-- \/ Yoast SEO plugin. -->","yoast_head_json":{"title":"Kim jeste\u015bmy | Spain Paradise - Reasons to Buy a House and Live in Spain","description":"Spain Paradise powsta\u0142o, aby pom\u00f3c Ci zrozumie\u0107, dlaczego zakup domu w Hiszpanii mo\u017ce zmieni\u0107 Twoje \u017cycie. Nazywamy si\u0119 SILC ESTATES.","robots":{"index":"index","follow":"follow","max-snippet":"max-snippet:-1","max-image-preview":"max-image-preview:large","max-video-preview":"max-video-preview:-1"},"canonical":"https:\/\/spainparadise.com\/pl\/quienes-somos\/","og_locale":"pl_PL","og_type":"article","og_title":"Kim jeste\u015bmy | Spain Paradise - Reasons to Buy a House and Live in Spain","og_description":"Spain Paradise powsta\u0142o, aby pom\u00f3c Ci zrozumie\u0107, dlaczego zakup domu w Hiszpanii mo\u017ce zmieni\u0107 Twoje \u017cycie. Nazywamy si\u0119 SILC ESTATES.","og_url":"https:\/\/spainparadise.com\/pl\/quienes-somos\/","og_site_name":"Spain Paradise - Reasons to Buy a House and Live in Spain","article_modified_time":"2025-08-01T11:34:13+00:00","og_image":[{"width":784,"height":324,"url":"https:\/\/spainparadise.com\/wp-content\/uploads\/2025\/04\/Logo_PNG_Sombra.png","type":"image\/png"}],"twitter_card":"summary_large_image","twitter_misc":{"Szacowany czas czytania":"2 minuta"},"schema":{"@context":"https:\/\/schema.org","@graph":[{"@type":"WebPage","@id":"https:\/\/spainparadise.com\/pl\/quienes-somos\/","url":"https:\/\/spainparadise.com\/pl\/quienes-somos\/","name":"Kim jeste\u015bmy | Spain Paradise - Reasons to Buy a House and Live in Spain","isPartOf":{"@id":"https:\/\/spainparadise.com\/pl\/#website"},"datePublished":"2025-05-05T19:18:18+00:00","dateModified":"2025-08-01T11:34:13+00:00","description":"Spain Paradise powsta\u0142o, aby pom\u00f3c Ci zrozumie\u0107, dlaczego zakup domu w Hiszpanii mo\u017ce zmieni\u0107 Twoje \u017cycie. Nazywamy si\u0119 SILC ESTATES.","breadcrumb":{"@id":"https:\/\/spainparadise.com\/pl\/quienes-somos\/#breadcrumb"},"inLanguage":"pl-PL","potentialAction":[{"@type":"ReadAction","target":["https:\/\/spainparadise.com\/pl\/quienes-somos\/"]}]},{"@type":"BreadcrumbList","@id":"https:\/\/spainparadise.com\/pl\/quienes-somos\/#breadcrumb","itemListElement":[{"@type":"ListItem","position":1,"name":"Portada","item":"https:\/\/spainparadise.com\/pl\/inicio\/"},{"@type":"ListItem","position":2,"name":"Kim jeste\u015bmy"}]},{"@type":"WebSite","@id":"https:\/\/spainparadise.com\/pl\/#website","url":"https:\/\/spainparadise.com\/pl\/","name":"Spain Paradise - Reasons to Buy a House and Live in Spain","description":"Reasons to Buy a House and Live in Spain","publisher":{"@id":"https:\/\/spainparadise.com\/pl\/#organization"},"alternateName":"Spain Paradise - Reasons to Buy a House and Live in Spain","potentialAction":[{"@type":"SearchAction","target":{"@type":"EntryPoint","urlTemplate":"https:\/\/spainparadise.com\/pl\/?s={search_term_string}"},"query-input":{"@type":"PropertyValueSpecification","valueRequired":true,"valueName":"search_term_string"}}],"inLanguage":"pl-PL"},{"@type":"Organization","@id":"https:\/\/spainparadise.com\/pl\/#organization","name":"Spain Paradise - Reasons to Buy a House and Live in Spain","url":"https:\/\/spainparadise.com\/pl\/","logo":{"@type":"ImageObject","inLanguage":"pl-PL","@id":"https:\/\/spainparadise.com\/pl\/#\/schema\/logo\/image\/","url":"https:\/\/spainparadise.com\/wp-content\/uploads\/2025\/04\/cropped-Logo_PNG_Sombra.png","contentUrl":"https:\/\/spainparadise.com\/wp-content\/uploads\/2025\/04\/cropped-Logo_PNG_Sombra.png","width":512,"height":512,"caption":"Spain Paradise - Reasons to Buy a House and Live in Spain"},"image":{"@id":"https:\/\/spainparadise.com\/pl\/#\/schema\/logo\/image\/"}}]}},"_links":{"self":[{"href":"https:\/\/spainparadise.com\/pl\/wp-json\/wp\/v2\/pages\/688","targetHints":{"allow":["GET"]}}],"collection":[{"href":"https:\/\/spainparadise.com\/pl\/wp-json\/wp\/v2\/pages"}],"about":[{"href":"https:\/\/spainparadise.com\/pl\/wp-json\/wp\/v2\/types\/page"}],"author":[{"embeddable":true,"href":"https:\/\/spainparadise.com\/pl\/wp-json\/wp\/v2\/users\/1"}],"replies":[{"embeddable":true,"href":"https:\/\/spainparadise.com\/pl\/wp-json\/wp\/v2\/comments?post=688"}],"version-history":[{"count":14,"href":"https:\/\/spainparadise.com\/pl\/wp-json\/wp\/v2\/pages\/688\/revisions"}],"predecessor-version":[{"id":1947,"href":"https:\/\/spainparadise.com\/pl\/wp-json\/wp\/v2\/pages\/688\/revisions\/1947"}],"wp:attachment":[{"href":"https:\/\/spainparadise.com\/pl\/wp-json\/wp\/v2\/media?parent=688"}],"curies":[{"name":"wp","href":"https:\/\/api.w.org\/{rel}","templated":true}]}}